{"id":22864,"date":"2021-05-19T08:17:51","date_gmt":"2021-05-19T08:18:26","guid":{"rendered":"https:\/\/evotek.md\/?post_type=product&#038;p=22864"},"modified":"2023-01-30T13:49:04","modified_gmt":"2023-01-30T13:49:04","slug":"vitrina-frigorifica-pentru-bauturi-4-rafturi-ak98eb2","status":"publish","type":"product","link":"https:\/\/evotek.md\/ro\/produse\/echipamente-frigorifice\/dulapuri-frigorifice-pentru-bar\/vitrina-frigorifica-pentru-bauturi-4-rafturi-ak98eb2\/","title":{"rendered":"VITRINA FRIGORIFICA PENTRU BAR 98 L -AK98EB2"},"content":{"rendered":"<p><strong>VITRINA FRIGORIFICA PENTRU BAR 98 L -AK98EB2-<\/strong> echipamentul necesare pentru cafenele, supermarketuri \u0219i alte unit\u0103\u021bi de alimenta\u021bie public\u0103 \u0219i comer\u021b, care v\u0103 permit s\u0103 crea\u021bi condi\u021bii optime pentru depozitarea, demonstrarea \u0219i v\u00e2nzarea b\u0103uturilor refrigerate. Facilit\u0103\u021bi: Structur\u0103 ABS alb\u0103; R\u0103cire ventilat\u0103; Unitate frigorific\u0103 \u00eencorporat\u0103; Controler digital; Evaporarea automat\u0103 a condensului; Rama usii ABS; Dou\u0103 u\u0219i cu sticl\u0103 curbat\u0103; Geam termopan; Lumin\u0103 LED interioar\u0103 cu comutator ON \/ OFF; 4 picioare reglabile; Echipat cu 4 rafturi acoperite cu plastic de 355&#215;330 mm.<\/p>\n<p>Caracteristici<br \/>\nPutere: 180 wa\u021bi<br \/>\nAlimentare: 230 \/ 1N \/ 50<br \/>\nInterval de temperatur\u0103: 0 \u00f7 +12 \u00b0C<br \/>\nTipul de agent frigorific: R600a<br \/>\nTemperatura \/ umiditatea maxim\u0103: +30 \u00b0C \/ 60% RH<br \/>\nDimensiuni: 429x425x1080h mm<br \/>\nCapacitate: 98 L<br \/>\nNum\u0103r \u0219i tip de rafturi: 4 x 355&#215;330 mm<br \/>\nGreutate: 39 kg<\/p>\n<p>&nbsp;<\/p>\n","protected":false},"excerpt":{"rendered":"<p>Vitrin\u0103 frigorific\u0103 pentru b\u0103uturi cu sticl\u0103 din 4 p\u0103r\u021bi, cu 4 rafturi acoperite cu plastic. Putere: 180 wa\u021bi; Alimentare: 230 \/ 1N \/ 50; Interval de temperatur\u0103: 0 \u00f7 +12 \u00b0C; Tipul de agent frigorific: R600a; Temperatura \/ umiditatea maxim\u0103: +30 \u00b0C \/ 60% RH; Dimensiuni: 429x425x1080h mm; Capacitate: 98 L; Num\u0103r \u0219i tip de rafturi: 4 x 355&#215;330 mm; Greutate: 39 kg.<\/p>\n","protected":false},"featured_media":22861,"template":"","meta":[],"_links":{"self":[{"href":"https:\/\/evotek.md\/ro\/wp-json\/wp\/v2\/product\/22864"}],"collection":[{"href":"https:\/\/evotek.md\/ro\/wp-json\/wp\/v2\/product"}],"about":[{"href":"https:\/\/evotek.md\/ro\/wp-json\/wp\/v2\/types\/product"}],"wp:featuredmedia":[{"embeddable":true,"href":"https:\/\/evotek.md\/ro\/wp-json\/wp\/v2\/media\/22861"}],"wp:attachment":[{"href":"https:\/\/evotek.md\/ro\/wp-json\/wp\/v2\/media?parent=22864"}],"curies":[{"name":"wp","href":"https:\/\/api.w.org\/{rel}","templated":true}]}}