{"id":22806,"date":"2021-05-17T11:46:28","date_gmt":"2021-05-17T11:46:28","guid":{"rendered":"https:\/\/evotek.md\/?post_type=product&#038;p=22806"},"modified":"2023-01-30T15:54:04","modified_gmt":"2023-01-30T15:54:04","slug":"vitrina-frigorifica-pentru-bauturi-4-rafturi-ak201bb","status":"publish","type":"product","link":"https:\/\/evotek.md\/ro\/produse\/echipamente-frigorifice\/dulapuri-frigorifice-pentru-bar\/vitrina-frigorifica-pentru-bauturi-4-rafturi-ak201bb\/","title":{"rendered":"DULAP FRIGORIFIC PENTRU BAR 2 USI BATANTE 180 L -AK201BB"},"content":{"rendered":"<p><strong>DULAP FRIGORIFIC PENTRU BAR 2 USI BATANTE 180 L -AK201BB-<\/strong> echipamentul necesare pentru cafenele, supermarketuri \u0219i alte unit\u0103\u021bi de alimenta\u021bie public\u0103 \u0219i comer\u021b, care v\u0103 permit s\u0103 crea\u021bi condi\u021bii optime pentru depozitarea, demonstrarea \u0219i v\u00e2nzarea b\u0103uturilor refrigerate. Facilit\u0103\u021bi: Structura exterioar\u0103 din o\u021bel vopsit negru; Structur\u0103 intern\u0103 din aluminiu gofrat; R\u0103cire ventilat\u0103; Unitate frigorific\u0103 \u00eencorporat\u0103; Controler digital; Evaporarea automat\u0103 a condensului; U\u0219i batante cu pad magnetic u\u0219or de demontat; Grosimea izola\u021biei 40 mm; Lumina LED interioara; U\u0219i cu cheie; Panouri exterioare inferioare \u0219i posterioare din o\u021bel zincat; Picioare reglabile; Echipat cu 4 rafturi cromate 385&#215;318 mm.<\/p>\n<p>Caracteristici<br \/>\nPutere: 160 wa\u021bi<br \/>\nAlimentare: 230 \/ 1N \/ 50<br \/>\nInterval de temperatur\u0103: +2 \/ +8 \u00b0C<br \/>\nTipul de agent frigorific: R600a<br \/>\nTemperatura \/ umiditatea maxim\u0103: +25 \u00b0 C \/ 60% RH<br \/>\nDimensiuni totale: 900x500x900h mm<br \/>\nCapacitate: 180 L<br \/>\nNum\u0103r \u0219i tip de rafturi: 4x385x318 mm<br \/>\nGreutate: 55 kg<\/p>\n<p>&nbsp;<\/p>\n","protected":false},"excerpt":{"rendered":"<p>Vitrin\u0103 frigorific\u0103 pentru b\u0103uturi cu u\u0219\u0103 din sticl\u0103 cu 4 rafturi cromate. Putere: 160 wa\u021bi<br \/>\nAlimentare: 230 \/ 1N \/ 50; Interval de temperatur\u0103: +2 \/ +8 \u00b0C; Tipul de agent frigorific: R600a; Temperatura \/ umiditatea maxim\u0103: +25 \u00b0 C \/ 60% RH; Dimensiuni totale: 900x500x900h mm; Capacitate: 180 L; Num\u0103r \u0219i tip de rafturi: 4x385x318 mm; Greutate: 55 kg.<\/p>\n","protected":false},"featured_media":22808,"template":"","meta":[],"_links":{"self":[{"href":"https:\/\/evotek.md\/ro\/wp-json\/wp\/v2\/product\/22806"}],"collection":[{"href":"https:\/\/evotek.md\/ro\/wp-json\/wp\/v2\/product"}],"about":[{"href":"https:\/\/evotek.md\/ro\/wp-json\/wp\/v2\/types\/product"}],"wp:featuredmedia":[{"embeddable":true,"href":"https:\/\/evotek.md\/ro\/wp-json\/wp\/v2\/media\/22808"}],"wp:attachment":[{"href":"https:\/\/evotek.md\/ro\/wp-json\/wp\/v2\/media?parent=22806"}],"curies":[{"name":"wp","href":"https:\/\/api.w.org\/{rel}","templated":true}]}}