{"id":22613,"date":"2021-04-30T09:54:34","date_gmt":"2021-04-30T09:56:02","guid":{"rendered":"https:\/\/evotek.md\/?post_type=product&#038;p=22613"},"modified":"2023-03-03T15:33:05","modified_gmt":"2023-03-03T15:33:05","slug":"ak2200p","status":"publish","type":"product","link":"https:\/\/evotek.md\/ro\/produse\/echipamente-frigorifice\/masa-frigider\/ak2200p\/","title":{"rendered":"MASA FRIGORIFICA CU BORDUR LA PERETE, 2 USI, 320 LITRI -AK2200P"},"content":{"rendered":"<p><strong>MASA FRIGORIFICA CU BORDUR LA PERETE, 2 USI, 320 LITRI -AK2200P-<\/strong> Mas\u0103 frigorific\u0103 cu construc\u021bie intern\u0103 \u0219i extern\u0103 din inox.<br \/>\nR\u0103cire ventilat\u0103 cu evaporator anticoroziv<br \/>\nRecircularea aerului rece<br \/>\nUnitate de refrigerare \u00eencorporat\u0103 deta\u0219abil\u0103<br \/>\nControler digital<br \/>\nCadru u\u0219\u0103 \u00eenc\u0103lzit pentru a preveni condensul<br \/>\nEvaporarea automat\u0103 a condensului<br \/>\nGrosimea izola\u021biei 60 mm<br \/>\nTampoane magnetice u\u0219or de \u00eendep\u0103rtat<br \/>\nMarginile rotunjite interne<br \/>\nCompartiment de service cu blocare cheie<br \/>\nPicioare reglabile din inox<br \/>\nEchipat cu 2 rafturi 330&#215;430 mm<\/p>\n<p>Putere: 215 wa\u021bi<br \/>\nAlimentare: 230 \/ 1N \/ 50<br \/>\nDimensiuni: 1510x800x960h mm<br \/>\nCapacitate t\u0103vi \/ rafturi: 600&#215;400 mm<br \/>\nGreutate: 113 kg<br \/>\nInterval de temperatur\u0103: -2 \/ +8 \u00b0 C<br \/>\nTipul de agent frigorific: R290<br \/>\nTemperatura maxim\u0103 a umidit\u0103\u021bii: +40 \u00b0 C \/ 60%<br \/>\nCapacitate: 390 l<\/p>\n<p>&nbsp;<\/p>\n","protected":false},"excerpt":{"rendered":"<p>Mas\u0103 frigorific\u0103 cu bordur la perete, cu capacitatea de 390 litri. Putere: 215 wa\u021bi; Alimentare: 230 \/ 1N \/ 50; Dimensiuni: 1510x800x960h mm; Capacitate t\u0103vi \/ rafturi: 600&#215;400 mm; Greutate: 113 kg; Interval de temperatur\u0103: -2 \/ +8 \u00b0C; Tipul de agent frigorific: R290; Temperatura maxim\u0103 a umidit\u0103\u021bii: +40 \u00b0C \/ 60%.<\/p>\n","protected":false},"featured_media":22582,"template":"","meta":[],"_links":{"self":[{"href":"https:\/\/evotek.md\/ro\/wp-json\/wp\/v2\/product\/22613"}],"collection":[{"href":"https:\/\/evotek.md\/ro\/wp-json\/wp\/v2\/product"}],"about":[{"href":"https:\/\/evotek.md\/ro\/wp-json\/wp\/v2\/types\/product"}],"wp:featuredmedia":[{"embeddable":true,"href":"https:\/\/evotek.md\/ro\/wp-json\/wp\/v2\/media\/22582"}],"wp:attachment":[{"href":"https:\/\/evotek.md\/ro\/wp-json\/wp\/v2\/media?parent=22613"}],"curies":[{"name":"wp","href":"https:\/\/api.w.org\/{rel}","templated":true}]}}