{"id":22607,"date":"2021-04-30T09:37:56","date_gmt":"2021-04-30T09:38:31","guid":{"rendered":"https:\/\/evotek.md\/?post_type=product&#038;p=22607"},"modified":"2023-03-03T15:32:34","modified_gmt":"2023-03-03T15:32:34","slug":"masa-frigorifica-580-l-ak3100p","status":"publish","type":"product","link":"https:\/\/evotek.md\/ro\/produse\/echipamente-frigorifice\/masa-frigider\/masa-frigorifica-580-l-ak3100p\/","title":{"rendered":"MASA FRIGORIFICA, 3 USI, 580 LITRI -AK3100P"},"content":{"rendered":"<p><strong>MASA FRIGORIFICA, 3 USI, 580 LITRI -AK3100P-<\/strong> Mas\u0103 frigorific\u0103 cu construc\u021bie intern\u0103 \u0219i extern\u0103 din inox.<br \/>\nR\u0103cire ventilat\u0103 cu evaporator anticoroziv<br \/>\nRecircularea aerului rece<br \/>\nUnitate de refrigerare \u00eencorporat\u0103 deta\u0219abil\u0103<br \/>\nControler digital<br \/>\nCadru u\u0219\u0103 \u00eenc\u0103lzit pentru a preveni condensul<br \/>\nEvaporarea automat\u0103 a condensului<br \/>\nGrosimea izola\u021biei 60 mm<br \/>\nTampoane magnetice u\u0219or de \u00eendep\u0103rtat<br \/>\nMarginile rotunjite interne<br \/>\nCompartiment de service cu blocare cheie<br \/>\nPicioare reglabile din inox<br \/>\nEchipat cu 3 rafturi 330&#215;430 mm<\/p>\n<p>Caracteristici<br \/>\nPutere: 320 W<br \/>\nAlimentare: 230 \/ 1N \/ 50<br \/>\nDimensiuni: 2020x800x860h mm<br \/>\nGreutate: 152 kg<br \/>\nCapacitate t\u0103vi \/ rafturi: 600&#215;400 mm<br \/>\nInterval de temperatur\u0103: -2 \/ +8 \u00b0C<br \/>\nTipul de agent frigorific: R290<br \/>\nTemperatura maxim\u0103 a umidit\u0103\u021bii: +40 \u00b0C \/ 60%<br \/>\nCapacitate: 580 l<\/p>\n<p>&nbsp;<\/p>\n","protected":false},"excerpt":{"rendered":"<p>Mas\u0103 frigorific\u0103 cu capacitatea de 580 litri. Putere: 320 W; Alimentare: 230 \/ 1N \/ 50; Dimensiuni: 2020x800x860h mm; Greutate: 152 kg; Capacitate t\u0103vi \/ rafturi: 600&#215;400 mm; Interval de temperatur\u0103: -2 \/ +8 \u00b0C; Tipul de agent frigorific: R290; Temperatura maxim\u0103 a umidit\u0103\u021bii: +40 \u00b0C \/ 60%.<\/p>\n","protected":false},"featured_media":22573,"template":"","meta":[],"_links":{"self":[{"href":"https:\/\/evotek.md\/ro\/wp-json\/wp\/v2\/product\/22607"}],"collection":[{"href":"https:\/\/evotek.md\/ro\/wp-json\/wp\/v2\/product"}],"about":[{"href":"https:\/\/evotek.md\/ro\/wp-json\/wp\/v2\/types\/product"}],"wp:featuredmedia":[{"embeddable":true,"href":"https:\/\/evotek.md\/ro\/wp-json\/wp\/v2\/media\/22573"}],"wp:attachment":[{"href":"https:\/\/evotek.md\/ro\/wp-json\/wp\/v2\/media?parent=22607"}],"curies":[{"name":"wp","href":"https:\/\/api.w.org\/{rel}","templated":true}]}}