{"id":22489,"date":"2021-04-29T09:16:54","date_gmt":"2021-04-29T09:16:54","guid":{"rendered":"https:\/\/evotek.md\/?post_type=product&#038;p=22489"},"modified":"2021-04-30T11:35:38","modified_gmt":"2021-04-30T11:35:38","slug":"sterilizator-pentru-cutite-sc20b","status":"publish","type":"product","link":"https:\/\/evotek.md\/ro\/produse\/solutii-pentru-curatare\/sterilizatoare\/sterilizator-pentru-cutite-sc20b\/","title":{"rendered":"STERILIZATOR PENTRU CU\u021aITE -SC20B"},"content":{"rendered":"<p><strong>STERILIZATOR PENTRU CU\u021aITE -SC20B<\/strong>&#8211; Sterilizatorul este utilizat \u00een \u00eentreprinderile de alimenta\u021bie public\u0103 \u0219i comer\u021b pentru dezinfectarea cu\u021bitelor \u0219i a altor unelte de buc\u0103t\u0103rie.<br \/>\nSterilizator UV pentru cu\u021bite<br \/>\nConstruc\u021bie din inox<br \/>\nU\u0219\u0103 din metacrilat rezistent la UV cu \u00eencuietoare magnetic\u0103<br \/>\nMicro\u00eentrerup\u0103tor de siguran\u021b\u0103 care stinge automat lampa c\u00e2nd este deschis\u0103<br \/>\nButonul de pornire<br \/>\nTemporizator 0\/60 minute<br \/>\nRaft din inox pentru 20 cu\u021bite<\/p>\n<p>Caracteristici<br \/>\nPutere: 16 W<br \/>\nAlimentare: 230 \/ 1N \/ 50<br \/>\nDimensiuni: 510x130x670h mm<br \/>\nGreutate: 9 kg<\/p>\n<p>&nbsp;<\/p>\n","protected":false},"excerpt":{"rendered":"<p>Sterilizator pentru 20 cu\u021bite. Putere: 16 wa\u021bi; Alimentare: 230 \/ 1N \/ 50; Dimensiuni: mm 510x130x670h; Greutate: 9 kg.<\/p>\n","protected":false},"featured_media":22485,"template":"","meta":[],"_links":{"self":[{"href":"https:\/\/evotek.md\/ro\/wp-json\/wp\/v2\/product\/22489"}],"collection":[{"href":"https:\/\/evotek.md\/ro\/wp-json\/wp\/v2\/product"}],"about":[{"href":"https:\/\/evotek.md\/ro\/wp-json\/wp\/v2\/types\/product"}],"wp:featuredmedia":[{"embeddable":true,"href":"https:\/\/evotek.md\/ro\/wp-json\/wp\/v2\/media\/22485"}],"wp:attachment":[{"href":"https:\/\/evotek.md\/ro\/wp-json\/wp\/v2\/media?parent=22489"}],"curies":[{"name":"wp","href":"https:\/\/api.w.org\/{rel}","templated":true}]}}