{"id":22455,"date":"2021-04-28T13:22:21","date_gmt":"2021-04-28T13:22:21","guid":{"rendered":"https:\/\/evotek.md\/?post_type=product&#038;p=22455"},"modified":"2021-04-28T13:26:31","modified_gmt":"2021-04-28T13:26:31","slug":"aparat-pentru-kebab-pe-gaz-d08mz","status":"publish","type":"product","link":"https:\/\/evotek.md\/ro\/produse\/echipamente-pentru-fast-food\/grill-pentru-kebab\/aparat-pentru-kebab-pe-gaz-d08mz\/","title":{"rendered":"APARAT PENTRU KEBAB PE GAZ 0.54&#215;0.64 m -D08(M)Z"},"content":{"rendered":"<p><strong>APARAT PENTRU KEBAB PE GAZ 0.54&#215;0.64 m -D08(M)Z-<\/strong> Dispozitivul pentru kebab este conceput pentru pr\u0103jirea unui num\u0103r mare de diferite tipuri de carne pentru preg\u0103tirea umpluturilor pentru shawarma, doner \u0219i alte feluri de m\u00e2ncare din alimenta\u021bia public\u0103 \u0219i comer\u021b. Modelul este echipat cu un sistem de control independent pentru fiecare arz\u0103tor cu infraro\u0219u. C este fabricat din inox AISI 304.<\/p>\n<p>Caracteristici<br \/>\nConexiune: gaz<br \/>\nNum\u0103r de zone de \u00eenc\u0103lzire: 4 buc.<br \/>\nUnitate: electric\u0103<br \/>\n\u00cenc\u0103rcare maxim\u0103: 50 kg<br \/>\nPutere gaz: 13 kW<br \/>\nParametri: 540x640x1200 mm<br \/>\nGreutate: 26 kg<br \/>\nViteza de rota\u021bie a acului: 1 rpm.<br \/>\nPresiunea gazului: 2000 Pa.<\/p>\n<p>&nbsp;<\/p>\n","protected":false},"excerpt":{"rendered":"<p>Aparat pentru kebab pe gaz. Conexiune: gaz; Num\u0103r de zone de \u00eenc\u0103lzire: 4 buc.; Unitate: electric\u0103; \u00cenc\u0103rcare maxim\u0103: 50 kg; Putere gaz: 13 kW; Parametri: 540x640x1200 mm; Greutate: 26 kg; Viteza de rota\u021bie a acului: 1 rpm.; Presiunea gazului: 2000 Pa.<\/p>\n","protected":false},"featured_media":22454,"template":"","meta":[],"_links":{"self":[{"href":"https:\/\/evotek.md\/ro\/wp-json\/wp\/v2\/product\/22455"}],"collection":[{"href":"https:\/\/evotek.md\/ro\/wp-json\/wp\/v2\/product"}],"about":[{"href":"https:\/\/evotek.md\/ro\/wp-json\/wp\/v2\/types\/product"}],"wp:featuredmedia":[{"embeddable":true,"href":"https:\/\/evotek.md\/ro\/wp-json\/wp\/v2\/media\/22454"}],"wp:attachment":[{"href":"https:\/\/evotek.md\/ro\/wp-json\/wp\/v2\/media?parent=22455"}],"curies":[{"name":"wp","href":"https:\/\/api.w.org\/{rel}","templated":true}]}}