{"id":22440,"date":"2021-04-28T12:31:54","date_gmt":"2021-04-28T12:32:57","guid":{"rendered":"https:\/\/evotek.md\/?post_type=product&#038;p=22440"},"modified":"2023-02-08T08:21:00","modified_gmt":"2023-02-08T08:21:00","slug":"aparat-pentru-kebab-pe-gaz-d04mz","status":"publish","type":"product","link":"https:\/\/evotek.md\/ro\/produse\/echipamente-pentru-fast-food\/grill-pentru-kebab\/aparat-pentru-kebab-pe-gaz-d04mz\/","title":{"rendered":"APARAT PENTRU KEBAB PE GAZ 20 kg -D04(M)Z"},"content":{"rendered":"<p><strong>APARAT PENTRU KEBAB PE GAZ 20 kg -D04(M)Z-<\/strong> Dispozitivul pentru kebab este conceput pentru pr\u0103jirea unui num\u0103r mare de diferite tipuri de carne pentru preg\u0103tirea umpluturilor pentru shawarma, doner \u0219i alte feluri de m\u00e2ncare din alimenta\u021bia public\u0103 \u0219i comer\u021b. Modelul este echipat cu un sistem de control independent pentru fiecare arz\u0103tor cu infraro\u0219u. C este fabricat din inox AISI 304.<br \/>\nCaracteristici<br \/>\nConexiune: gaz<br \/>\nNum\u0103r de zone de \u00eenc\u0103lzire: 2 buc.<br \/>\nUnitate: electric\u0103<br \/>\n\u00cenc\u0103rcare maxim\u0103: 20 kg<br \/>\nPutere gaz: 6,5 kW<br \/>\nParametri: 470x640x930 mm<br \/>\nGreutate: 19,5 kg<br \/>\nViteza de rota\u021bie a acului: 1 rpm.<br \/>\nPresiunea gazului: 2000 Pa.<\/p>\n<p>&nbsp;<\/p>\n","protected":false},"excerpt":{"rendered":"<p>Aparat pentru kebab pe gaz. Conectare: gaz; Num\u0103r de zone de \u00eenc\u0103lzire: 2 buc; Unitate: electric\u0103; \u00cenc\u0103rcare maxim\u0103: 20 kg; Putere gaz: 6,5 kW; Parametri: 470x640x930 mm; Greutate: 19,5 kg; Viteza de rota\u021bie a acului: 1 rpm; Presiunea gazului: 2000 Pa.<\/p>\n","protected":false},"featured_media":22439,"template":"","meta":[],"_links":{"self":[{"href":"https:\/\/evotek.md\/ro\/wp-json\/wp\/v2\/product\/22440"}],"collection":[{"href":"https:\/\/evotek.md\/ro\/wp-json\/wp\/v2\/product"}],"about":[{"href":"https:\/\/evotek.md\/ro\/wp-json\/wp\/v2\/types\/product"}],"wp:featuredmedia":[{"embeddable":true,"href":"https:\/\/evotek.md\/ro\/wp-json\/wp\/v2\/media\/22439"}],"wp:attachment":[{"href":"https:\/\/evotek.md\/ro\/wp-json\/wp\/v2\/media?parent=22440"}],"curies":[{"name":"wp","href":"https:\/\/api.w.org\/{rel}","templated":true}]}}