{"id":22245,"date":"2021-04-19T10:48:13","date_gmt":"2021-04-19T10:48:13","guid":{"rendered":"https:\/\/evotek.md\/?post_type=product&#038;p=22245"},"modified":"2021-04-19T10:48:13","modified_gmt":"2021-04-19T10:48:13","slug":"bol-pentru-malaxor-hkn-30cn-bowl-30-l","status":"publish","type":"product","link":"https:\/\/evotek.md\/ro\/produse\/echipamente-electromecanice\/mixer-aluat\/bol-pentru-malaxor-hkn-30cn-bowl-30-l\/","title":{"rendered":"BOL PENTRU MALAXOR &#8211; HKN-30CN-BOWL, 30 L"},"content":{"rendered":"<p><strong>BOL PENTRU MALAXOR &#8211;<\/strong> <strong>HKN-30CN-BOWL, 30 <\/strong><strong>L-<\/strong> Conceput pentru fr\u0103m\u00e2ntarea aluatului de diferite tipuri. Recipientul este fabricat din inox de calitate alimentar\u0103, care asigur\u0103 o manipulare sigur\u0103 a alimentelor \u0219i o lung\u0103 durat\u0103 de via\u021b\u0103.<\/p>\n<p>Volum: 30 litri<\/p>\n<p>Parametri: 309x438x438 mm<\/p>\n<p>Potrivit pentru malaxor: HKN-30CN \u0219i HKN-30CN2V<\/p>\n<p>&nbsp;<\/p>\n","protected":false},"excerpt":{"rendered":"<p>Bol pentru malaxor cu un volum de 30 de litri. Parametri: 309x438x438 mm<\/p>\n","protected":false},"featured_media":22241,"template":"","meta":[],"_links":{"self":[{"href":"https:\/\/evotek.md\/ro\/wp-json\/wp\/v2\/product\/22245"}],"collection":[{"href":"https:\/\/evotek.md\/ro\/wp-json\/wp\/v2\/product"}],"about":[{"href":"https:\/\/evotek.md\/ro\/wp-json\/wp\/v2\/types\/product"}],"wp:featuredmedia":[{"embeddable":true,"href":"https:\/\/evotek.md\/ro\/wp-json\/wp\/v2\/media\/22241"}],"wp:attachment":[{"href":"https:\/\/evotek.md\/ro\/wp-json\/wp\/v2\/media?parent=22245"}],"curies":[{"name":"wp","href":"https:\/\/api.w.org\/{rel}","templated":true}]}}