{"id":22242,"date":"2021-04-19T10:43:30","date_gmt":"2021-04-19T10:43:30","guid":{"rendered":"https:\/\/evotek.md\/?post_type=product&#038;p=22242"},"modified":"2021-04-19T10:43:30","modified_gmt":"2021-04-19T10:43:30","slug":"bol-pentru-malaxor-hkn-20cn-bowl-20l","status":"publish","type":"product","link":"https:\/\/evotek.md\/ro\/produse\/echipamente-electromecanice\/mixer-aluat\/bol-pentru-malaxor-hkn-20cn-bowl-20l\/","title":{"rendered":"BOL PENTRU MALAXOR -HKN-20CN-BOWL, 20L"},"content":{"rendered":"<p><strong>BOL PENTRU MALAXOR -HKN-20CN-BOWL, 20L-<\/strong> Conceput pentru fr\u0103m\u00e2ntarea aluatului de diferite tipuri. Recipientul este fabricat din inox de calitate alimentar\u0103, care asigur\u0103 o manipulare sigur\u0103 a alimentelor \u0219i o lung\u0103 durat\u0103 de via\u021b\u0103.<\/p>\n<p>Volum: 20 litri<\/p>\n<p>Parametri: 213x383x383 mm<\/p>\n<p>Potrivit pentru malaxor: HKN-20CN \u0219i HKN-20CN2V<\/p>\n<p>&nbsp;<\/p>\n","protected":false},"excerpt":{"rendered":"<p>Bol pentru malaxor cu un volum de 20 de litri. Parametri: 213x383x383 mm<\/p>\n","protected":false},"featured_media":22241,"template":"","meta":[],"_links":{"self":[{"href":"https:\/\/evotek.md\/ro\/wp-json\/wp\/v2\/product\/22242"}],"collection":[{"href":"https:\/\/evotek.md\/ro\/wp-json\/wp\/v2\/product"}],"about":[{"href":"https:\/\/evotek.md\/ro\/wp-json\/wp\/v2\/types\/product"}],"wp:featuredmedia":[{"embeddable":true,"href":"https:\/\/evotek.md\/ro\/wp-json\/wp\/v2\/media\/22241"}],"wp:attachment":[{"href":"https:\/\/evotek.md\/ro\/wp-json\/wp\/v2\/media?parent=22242"}],"curies":[{"name":"wp","href":"https:\/\/api.w.org\/{rel}","templated":true}]}}