{"id":21836,"date":"2021-04-05T13:21:20","date_gmt":"2021-04-05T13:23:28","guid":{"rendered":"https:\/\/evotek.md\/?post_type=product&#038;p=21836"},"modified":"2023-02-28T13:49:17","modified_gmt":"2023-02-28T13:49:17","slug":"friteza-electrica-hkn-ft66n","status":"publish","type":"product","link":"https:\/\/evotek.md\/ro\/produse\/echipamente-termice\/friteuze-3\/friteza-electrica-hkn-ft66n\/","title":{"rendered":"FRITEZA ELECTRICA, 6+6 LITRI -HKN-FT66N"},"content":{"rendered":"<p><strong>FRITEZA ELECTRICA, 6+6 LITRI -HKN-FT66N-<\/strong> este proiectata pentru prajirea in adancime. Este utilizat pe scar\u0103 larg\u0103 \u00een toate tipurile de fast-food. Corpul echipamentului este fabricat din o\u021bel inoxidabil. Setul include o zon\u0103 rece \u0219i co\u0219uri.<\/p>\n<p>Caracteristici<br \/>\nTemperatura: 60-190 \u00b0 C<br \/>\nDimensiuni: 330x460x325 mm<br \/>\nConexiune: 230 V<br \/>\nPutere: 5 kW<br \/>\nNum\u0103r de rezervoare: 2 buc.<br \/>\nCapacitate rezervor 6 l<br \/>\nGreutatea total\u0103 a modelului 8 kg<\/p>\n<p>&nbsp;<\/p>\n","protected":false},"excerpt":{"rendered":"<p>Friteuz\u0103 electric\u0103 profesional\u0103. Interval de temperatur\u0103 60-190\u00b0 C. Modelul are dimensiuni de 330x460x325 mm. Alimentare 230 V. Putere total\u0103 5 kW. Num\u0103rul de rezervoare &#8211; 2 buc. Capacitate rezervor 6 l. Greutatea total\u0103 a modelului este de 8 kg.<\/p>\n","protected":false},"featured_media":21835,"template":"","meta":[],"_links":{"self":[{"href":"https:\/\/evotek.md\/ro\/wp-json\/wp\/v2\/product\/21836"}],"collection":[{"href":"https:\/\/evotek.md\/ro\/wp-json\/wp\/v2\/product"}],"about":[{"href":"https:\/\/evotek.md\/ro\/wp-json\/wp\/v2\/types\/product"}],"wp:featuredmedia":[{"embeddable":true,"href":"https:\/\/evotek.md\/ro\/wp-json\/wp\/v2\/media\/21835"}],"wp:attachment":[{"href":"https:\/\/evotek.md\/ro\/wp-json\/wp\/v2\/media?parent=21836"}],"curies":[{"name":"wp","href":"https:\/\/api.w.org\/{rel}","templated":true}]}}