{"id":21724,"date":"2021-03-30T13:52:47","date_gmt":"2021-03-30T13:52:47","guid":{"rendered":"https:\/\/evotek.md\/?post_type=product&#038;p=21724"},"modified":"2021-03-30T13:54:21","modified_gmt":"2021-03-30T13:54:21","slug":"aparat-pentru-hot-dog-m-09300580","status":"publish","type":"product","link":"https:\/\/evotek.md\/ro\/produse\/echipamente-pentru-fast-food\/aparat-pentru-hot-dog\/aparat-pentru-hot-dog-m-09300580\/","title":{"rendered":"APARAT PENTRU HOT-DOG M-09300580"},"content":{"rendered":"<p><strong>APARAT PENTRU HOT-DOG M-09300580-<\/strong> este un \u00eenc\u0103lzitor profesional pentru crenvu\u0219ti, cu care pute\u021bi prepara hot-dog delicios. Acest aparat pentru hot-dog are un co\u0219 \u0219i un m\u00e2ner robust. Indicatoarele de temperatur\u0103 instalate pe acest aparat v\u0103 ofer\u0103 u\u0219urin\u021b\u0103 \u00een utilizare. Dispozitivul are patru picioare de cauciuc, ce \u00eempiedic\u0103 alunecarea acestuia.<\/p>\n<p>Caracteristici<\/p>\n<p>Carcas\u0103 \u0219i capac din inox<\/p>\n<p>Tav\u0103 pentru ap\u0103 din aluminiu<\/p>\n<p>Distribu\u021bie eficient\u0103 a c\u0103ldurii<\/p>\n<p>Cu m\u00e2ner \u0219i co\u0219 robust<\/p>\n<p>Indicator de temperatur\u0103<\/p>\n<p>Comutator \u00een dou\u0103 pozi\u021bii protejat<\/p>\n<p>Echipat cu m\u00e2nere<\/p>\n<p>Cilindru de sticl\u0103: \u00d8 200 x H240 mm<\/p>\n<p>Plit\u0103: \u00d8 200 mm<\/p>\n<p>Termostat reglabil: 30 \u00b0C la 100 \u00b0C<\/p>\n<p>Greutate: 6,16 kg<\/p>\n<p>Dimensiuni: 360x360x460mm<\/p>\n<p>Conexiune: 230 V \/ 50 Hz \/ 1 faz\u0103 300 W<\/p>\n<p>&nbsp;<\/p>\n","protected":false},"excerpt":{"rendered":"<p>Aparate pentru hot-dog. Cilindru de sticl\u0103: \u00d8 200 x H240 mm; Plit\u0103: \u00d8 200 mm; Termostat reglabil: 30 \u00b0C la 100 \u00b0C; Greutate: 6,16 kg; Dimensiuni: 360x360x460mm; Conexiune: 230 V \/ 50 Hz \/ 1 faz\u0103 300 W.<\/p>\n","protected":false},"featured_media":21717,"template":"","meta":[],"_links":{"self":[{"href":"https:\/\/evotek.md\/ro\/wp-json\/wp\/v2\/product\/21724"}],"collection":[{"href":"https:\/\/evotek.md\/ro\/wp-json\/wp\/v2\/product"}],"about":[{"href":"https:\/\/evotek.md\/ro\/wp-json\/wp\/v2\/types\/product"}],"wp:featuredmedia":[{"embeddable":true,"href":"https:\/\/evotek.md\/ro\/wp-json\/wp\/v2\/media\/21717"}],"wp:attachment":[{"href":"https:\/\/evotek.md\/ro\/wp-json\/wp\/v2\/media?parent=21724"}],"curies":[{"name":"wp","href":"https:\/\/api.w.org\/{rel}","templated":true}]}}