{"id":21469,"date":"2021-03-22T12:40:21","date_gmt":"2021-03-22T12:40:21","guid":{"rendered":"https:\/\/evotek.md\/?post_type=product&#038;p=21469"},"modified":"2021-06-01T11:04:58","modified_gmt":"2021-06-01T11:04:58","slug":"cutite-de-bucatarie-haccp-160-mm-st-281151","status":"publish","type":"product","link":"https:\/\/evotek.md\/ro\/produse\/accesorii-si-inventar-bucatarie\/cutite-bucatarie\/cutite-de-bucatarie-haccp-160-mm-st-281151\/","title":{"rendered":"CU\u021aITE DE BUC\u0102T\u0102RIE HACCP 160 mm -ST-281151"},"content":{"rendered":"<p><strong>CU\u021aITE DE BUC\u0102T\u0102RIE<\/strong> <strong>HACCP 160 <\/strong><strong>mm -ST-<\/strong><strong>281151- <\/strong>cu\u021bite profesionale de buc\u0103t\u0103rie de calitate european\u0103 pentru hotele, restaurante, cafenele \u0219i baruri.<\/p>\n<p>Caracteristici<\/p>\n<p>Lungime: 160 mm<\/p>\n<p>Poate fi sp\u0103lat \u00een ma\u0219ina de sp\u0103lat vase<\/p>\n<p>Certificat de conformitate: HACCP<\/p>\n<p>Culori: ro\u0219u, verde, galben, albastru, alb, maro<\/p>\n<p>&nbsp;<\/p>\n","protected":false},"excerpt":{"rendered":"<p>Cu\u021bite profesionale de buc\u0103t\u0103rie cu lungimea de 160 mm. Culori: ro\u0219u, verde, galben, albastru, alb, maro; Poate fi sp\u0103lat \u00een ma\u0219ina de sp\u0103lat vase; Certificat de conformitate: HACCP.<\/p>\n","protected":false},"featured_media":21458,"template":"","meta":[],"_links":{"self":[{"href":"https:\/\/evotek.md\/ro\/wp-json\/wp\/v2\/product\/21469"}],"collection":[{"href":"https:\/\/evotek.md\/ro\/wp-json\/wp\/v2\/product"}],"about":[{"href":"https:\/\/evotek.md\/ro\/wp-json\/wp\/v2\/types\/product"}],"wp:featuredmedia":[{"embeddable":true,"href":"https:\/\/evotek.md\/ro\/wp-json\/wp\/v2\/media\/21458"}],"wp:attachment":[{"href":"https:\/\/evotek.md\/ro\/wp-json\/wp\/v2\/media?parent=21469"}],"curies":[{"name":"wp","href":"https:\/\/api.w.org\/{rel}","templated":true}]}}