{"id":21442,"date":"2021-03-22T11:00:01","date_gmt":"2021-03-22T11:00:56","guid":{"rendered":"https:\/\/evotek.md\/?post_type=product&#038;p=21442"},"modified":"2022-04-28T09:25:48","modified_gmt":"2022-04-28T09:25:48","slug":"suport-magnetic-pentru-cutite-550-mm-249558","status":"publish","type":"product","link":"https:\/\/evotek.md\/ro\/produse\/accesorii-si-inventar-bucatarie\/suport-magnetic-pentru-cutite\/suport-magnetic-pentru-cutite-550-mm-249558\/","title":{"rendered":"SUPORT MAGNETIC PENTRU CU\u021aITE 550 mm ST-249558"},"content":{"rendered":"<p><strong>SUPORT MAGNETIC PENTRU CU\u021aITE <\/strong><strong>330 <\/strong><strong>mm<\/strong> ST<strong>-249558<\/strong><strong>&#8211; <\/strong>Cu\u021bitele sunt fixate \u00een siguran\u021b\u0103 pe suport cu ajutorul magne\u021bilor \u0219i pl\u0103cilor de o\u021bel magnetizate \u00eencorporate \u00eentr-o carcas\u0103 din plastic.<\/p>\n","protected":false},"excerpt":{"rendered":"<p>Suport magnetic pentru cu\u021bite cu lungimea de 550 mm.<\/p>\n","protected":false},"featured_media":21441,"template":"","meta":[],"_links":{"self":[{"href":"https:\/\/evotek.md\/ro\/wp-json\/wp\/v2\/product\/21442"}],"collection":[{"href":"https:\/\/evotek.md\/ro\/wp-json\/wp\/v2\/product"}],"about":[{"href":"https:\/\/evotek.md\/ro\/wp-json\/wp\/v2\/types\/product"}],"wp:featuredmedia":[{"embeddable":true,"href":"https:\/\/evotek.md\/ro\/wp-json\/wp\/v2\/media\/21441"}],"wp:attachment":[{"href":"https:\/\/evotek.md\/ro\/wp-json\/wp\/v2\/media?parent=21442"}],"curies":[{"name":"wp","href":"https:\/\/api.w.org\/{rel}","templated":true}]}}