{"id":21403,"date":"2021-03-19T12:56:27","date_gmt":"2021-03-19T12:56:56","guid":{"rendered":"https:\/\/evotek.md\/?post_type=product&#038;p=21403"},"modified":"2022-05-30T07:29:56","modified_gmt":"2022-05-30T07:29:56","slug":"lampa-insecticida-electrica-pana-la-150-m2-st-692213","status":"publish","type":"product","link":"https:\/\/evotek.md\/ro\/produse\/solutii-pentru-curatare\/insecticide-pentru-horeca\/lampa-insecticida-electrica-pana-la-150-m2-st-692213\/","title":{"rendered":"LAMP\u0102 INSECTICID\u0102 ELECTRIC\u0102 (p\u00e2n\u0103 la 150 m2) -ST-692213"},"content":{"rendered":"<p><strong>LAMP\u0102 INSECTICID\u0102 ELECTRIC\u0102 (p\u00e2n\u0103 la 150 m2)<\/strong> <strong>-ST-692213-\u00a0 <\/strong>Cu ajutorul radia\u021biilor invizibile, lampa atrage d\u0103un\u0103tori din buc\u0103t\u0103rie \u0219i \u00eei distruge sub tensiune \u00eenalt\u0103. Structur\u0103 puternic\u0103 din material rezistent la foc, u\u0219or de cur\u0103\u021bat, durata de via\u021b\u0103 a l\u0103mpilor LED ~ 20.000 de ore.<\/p>\n<p>Caracteristici<\/p>\n<p>Volum: p\u00e2n\u0103 la 150 m2<\/p>\n<p>Parametri: 696x100x265 mm<\/p>\n<p>Putere: 2&#215;8 W<\/p>\n<p>Tensiune: 230 V<\/p>\n<p>&nbsp;<\/p>\n<p>&nbsp;<\/p>\n","protected":false},"excerpt":{"rendered":"<p>Lamp\u0103 insecticid\u0103 electric\u0103 cu capacitatea de p\u00e2n\u0103 la 150 m2. Parametri: 696x100x265 mm; Putere: 2&#215;8 W; Tensiune: 230 V.<\/p>\n","protected":false},"featured_media":21397,"template":"","meta":[],"_links":{"self":[{"href":"https:\/\/evotek.md\/ro\/wp-json\/wp\/v2\/product\/21403"}],"collection":[{"href":"https:\/\/evotek.md\/ro\/wp-json\/wp\/v2\/product"}],"about":[{"href":"https:\/\/evotek.md\/ro\/wp-json\/wp\/v2\/types\/product"}],"wp:featuredmedia":[{"embeddable":true,"href":"https:\/\/evotek.md\/ro\/wp-json\/wp\/v2\/media\/21397"}],"wp:attachment":[{"href":"https:\/\/evotek.md\/ro\/wp-json\/wp\/v2\/media?parent=21403"}],"curies":[{"name":"wp","href":"https:\/\/api.w.org\/{rel}","templated":true}]}}