{"id":21400,"date":"2021-03-19T12:54:16","date_gmt":"2021-03-19T12:55:04","guid":{"rendered":"https:\/\/evotek.md\/?post_type=product&#038;p=21400"},"modified":"2022-05-30T07:20:53","modified_gmt":"2022-05-30T07:20:53","slug":"lampa-insecticida-electrica-pana-la-100-m2-st-692216","status":"publish","type":"product","link":"https:\/\/evotek.md\/ro\/produse\/solutii-pentru-curatare\/insecticide-pentru-horeca\/lampa-insecticida-electrica-pana-la-100-m2-st-692216\/","title":{"rendered":"LAMP\u0102 INSECTICID\u0102 ELECTRIC\u0102 (p\u00e2n\u0103 la 100 m2) -ST-692212"},"content":{"rendered":"<p><strong>LAMP\u0102 INSECTICID\u0102 ELECTRIC\u0102 (p\u00e2n\u0103 la 100 m2)<\/strong> <strong>-ST-692212-\u00a0 <\/strong>Cu ajutorul radia\u021biilor invizibile, lampa atrage d\u0103un\u0103tori din buc\u0103t\u0103rie \u0219i \u00eei distruge sub tensiune \u00eenalt\u0103. Structur\u0103 puternic\u0103 din material rezistent la foc, u\u0219or de cur\u0103\u021bat, durata de via\u021b\u0103 a l\u0103mpilor LED ~ 20.000 de ore.<\/p>\n<p>Caracteristici<br \/>\nSuprafata utila: 100 m2<br \/>\nL\u0103mpi UV-A: 2&#215;6 W<br \/>\nConsum de energie: 14 W<br \/>\nDimensiuni: 542x100x265 mm<br \/>\nTensiune: 230 V<br \/>\nCuloare: neagr\u0103<\/p>\n<p>&nbsp;<\/p>\n<p>&nbsp;<\/p>\n<p>&nbsp;<\/p>\n","protected":false},"excerpt":{"rendered":"<p>Lamp\u0103 insecticid\u0103 electric\u0103 de p\u00e2n\u0103 la 100 m2. Suprafata utila: 100 m2; L\u0103mpi UV-A: 2&#215;6 W; Consum de energie: 14 W; Dimensiuni: 542x100x265 mm; Tensiune: 230 V; Culoare: neagr\u0103.<\/p>\n","protected":false},"featured_media":21395,"template":"","meta":[],"_links":{"self":[{"href":"https:\/\/evotek.md\/ro\/wp-json\/wp\/v2\/product\/21400"}],"collection":[{"href":"https:\/\/evotek.md\/ro\/wp-json\/wp\/v2\/product"}],"about":[{"href":"https:\/\/evotek.md\/ro\/wp-json\/wp\/v2\/types\/product"}],"wp:featuredmedia":[{"embeddable":true,"href":"https:\/\/evotek.md\/ro\/wp-json\/wp\/v2\/media\/21395"}],"wp:attachment":[{"href":"https:\/\/evotek.md\/ro\/wp-json\/wp\/v2\/media?parent=21400"}],"curies":[{"name":"wp","href":"https:\/\/api.w.org\/{rel}","templated":true}]}}