{"id":21384,"date":"2021-03-19T12:05:22","date_gmt":"2021-03-19T12:05:54","guid":{"rendered":"https:\/\/evotek.md\/?post_type=product&#038;p=21384"},"modified":"2023-03-01T15:01:09","modified_gmt":"2023-03-01T15:01:09","slug":"aparat-pentru-kebab-electric-sd12h","status":"publish","type":"product","link":"https:\/\/evotek.md\/ro\/produse\/echipamente-termice\/aparat-pentru-kebab\/aparat-pentru-kebab-electric-sd12h\/","title":{"rendered":"APARAT ELECTRIC PENTRU KEBAB, 40 kg -REMTA-SD12H"},"content":{"rendered":"<p><strong>APARAT ELECTRIC PENTRU KEBAB, 40 kg -REMTA-SD12H- <\/strong>Aparatul electric pentru kebab f\u0103r\u0103 motor, cu 6 unit\u0103\u021bi de \u00eenc\u0103lzire, este o alegere excelent\u0103 pentru cei care doresc s\u0103 fac\u0103 kebab gustos, bine pr\u0103jit, f\u0103r\u0103 prea mult efort. Reglarea manual\u0103 a gradului de coacere \u0219i a unit\u0103\u021bilor de \u00eenc\u0103lzire electrice vor oferi o zon\u0103 bun\u0103 de g\u0103tit.<\/p>\n<p>Caracteristici<\/p>\n<p>Ad\u0103ugare carne: p\u00e2n\u0103 la 40 kg<\/p>\n<p>Lungimea acului: 65 cm<\/p>\n<p>Material: inox<\/p>\n<p>Dimensiuni: 510&#215;660\u0445850 mm<\/p>\n<p>Putere: 4,2 kW (6 zece din 0,7 kW)<\/p>\n<p>Tensiune: 220 V<\/p>\n<p>Greutate: 24 kg<\/p>\n<p>&nbsp;<\/p>\n","protected":false},"excerpt":{"rendered":"<p>Aparatul electric pentru kebab, 6 zone de \u00eenc\u0103lzire. Ad\u0103ugare carne: p\u00e2n\u0103 la 40 kg; Lungimea acului: 65 cm; Material: inox; Dimensiuni: 510&#215;660\u0445850 mm; Putere: 4,2 kW (6 zece din 0,7 kW); Tensiune: 220 V; Greutate: 24 kg.<\/p>\n","protected":false},"featured_media":21383,"template":"","meta":[],"_links":{"self":[{"href":"https:\/\/evotek.md\/ro\/wp-json\/wp\/v2\/product\/21384"}],"collection":[{"href":"https:\/\/evotek.md\/ro\/wp-json\/wp\/v2\/product"}],"about":[{"href":"https:\/\/evotek.md\/ro\/wp-json\/wp\/v2\/types\/product"}],"wp:featuredmedia":[{"embeddable":true,"href":"https:\/\/evotek.md\/ro\/wp-json\/wp\/v2\/media\/21383"}],"wp:attachment":[{"href":"https:\/\/evotek.md\/ro\/wp-json\/wp\/v2\/media?parent=21384"}],"curies":[{"name":"wp","href":"https:\/\/api.w.org\/{rel}","templated":true}]}}