{"id":21379,"date":"2021-03-19T11:49:56","date_gmt":"2021-03-19T11:50:32","guid":{"rendered":"https:\/\/evotek.md\/?post_type=product&#038;p=21379"},"modified":"2023-03-01T15:05:48","modified_gmt":"2023-03-01T15:05:48","slug":"aparat-pentru-kebab-electric-sd12","status":"publish","type":"product","link":"https:\/\/evotek.md\/ro\/produse\/echipamente-termice\/aparat-pentru-kebab\/aparat-pentru-kebab-electric-sd12\/","title":{"rendered":"APARAT ELECTRIC PENTRU KEBAB, 40 kg -REMTA-SD12"},"content":{"rendered":"<p><strong>APARAT ELECTRIC PENTRU KEBAB, 40 kg -REMTA-SD12- <\/strong>Aparatul electric pentru kebab f\u0103r\u0103 unitate de \u00eenc\u0103lzire este o alegere excelent\u0103 pentru cei care doresc s\u0103 prepare kebab delicios, bine pr\u0103jit, f\u0103r\u0103 prea mult efort. Unitatea superioar\u0103 simplific\u0103 foarte mult munca buc\u0103tarului, iar unit\u0103\u021bile de \u00eenc\u0103lzire vor oferi o zon\u0103 bun\u0103 de g\u0103tit. Aparatul nu este echipat cu unitate de \u00eenc\u0103lzire, dar \u00eenc\u0103lzitoarele ceramice vor oferi o zon\u0103 bun\u0103 de pr\u0103jire, \u00een mai pu\u021bin timp \u0219i cu mai mult\u0103 economie de energie.<\/p>\n<p>Caracteristici<\/p>\n<p>Ad\u0103ugare carne: p\u00e2n\u0103 la 40 kg<\/p>\n<p>Lungimea acului: 65 cm<\/p>\n<p>Material: inox<\/p>\n<p>Dimensiuni: 510\u0425640\u0445850 mm<\/p>\n<p>Putere: 4,3 kW<\/p>\n<p>Tensiune: 220V<\/p>\n<p>Greutate: 23,1 kg<\/p>\n<p>&nbsp;<\/p>\n","protected":false},"excerpt":{"rendered":"<p>Aparatul electric pentru kebab f\u0103r\u0103 unitate de \u00eenc\u0103lzire. Ad\u0103ugare carne: p\u00e2n\u0103 la 40 kg; Lungimea acului: 65 cm; Material: inox; Dimensiuni: 510\u0425640\u0445850 mm; Putere: 4,3 kW; Tensiune: 220V; Greutate: 23,1 kg.<\/p>\n","protected":false},"featured_media":21378,"template":"","meta":[],"_links":{"self":[{"href":"https:\/\/evotek.md\/ro\/wp-json\/wp\/v2\/product\/21379"}],"collection":[{"href":"https:\/\/evotek.md\/ro\/wp-json\/wp\/v2\/product"}],"about":[{"href":"https:\/\/evotek.md\/ro\/wp-json\/wp\/v2\/types\/product"}],"wp:featuredmedia":[{"embeddable":true,"href":"https:\/\/evotek.md\/ro\/wp-json\/wp\/v2\/media\/21378"}],"wp:attachment":[{"href":"https:\/\/evotek.md\/ro\/wp-json\/wp\/v2\/media?parent=21379"}],"curies":[{"name":"wp","href":"https:\/\/api.w.org\/{rel}","templated":true}]}}