{"id":21374,"date":"2021-03-19T11:38:12","date_gmt":"2021-03-19T11:38:43","guid":{"rendered":"https:\/\/evotek.md\/?post_type=product&#038;p=21374"},"modified":"2023-03-01T15:04:18","modified_gmt":"2023-03-01T15:04:18","slug":"aparat-pentru-kebab-electric-sd10h","status":"publish","type":"product","link":"https:\/\/evotek.md\/ro\/produse\/echipamente-termice\/aparat-pentru-kebab\/aparat-pentru-kebab-electric-sd10h\/","title":{"rendered":"APARAT ELECTRIC PENTRU KEBAB, 18 kg -REMTA-SD10H"},"content":{"rendered":"<p><strong>APARAT ELECTRIC PENTRU KEBAB, 18 kg -REMTA-SD10H- <\/strong>Aparatul electric pentru kebab cu unitate superioar\u0103 pentru 4 unit\u0103\u021bi de \u00eenc\u0103lzire este o alegere excelent\u0103 pentru cei care doresc s\u0103 prepare kebab delicios, bine pr\u0103jit, f\u0103r\u0103 prea mult efort. Unitatea superioar\u0103 simplific\u0103 foarte mult munca buc\u0103tarului, iar unit\u0103\u021bile de \u00eenc\u0103lzire vor oferi o zon\u0103 bun\u0103 de g\u0103tit.<\/p>\n<p>Caracteristici<\/p>\n<p>Ad\u0103ugare carne: p\u00e2n\u0103 la 18 kg<\/p>\n<p>Lungimea acului: 43 cm<\/p>\n<p>Material: inox<\/p>\n<p>Dimensiuni: 510x660x630 mm<\/p>\n<p>Putere: 2,9 kW (4 unit\u0103\u021bi de \u00eenc\u0103lzire de 0,7 kW)<\/p>\n<p>Tensiune: 220 V<\/p>\n<p>Greutate: 18 kg<\/p>\n<p>&nbsp;<\/p>\n","protected":false},"excerpt":{"rendered":"<p>Aparatul electric pentru kebab cu ac\u021bionare superioar\u0103, 4 zone de \u00eenc\u0103lzire. Ad\u0103ugare carne: p\u00e2n\u0103 la 18 kg; Lungimea acului: 43 cm; Material: inox; Dimensiuni: 510x660x630 mm; Putere: 2,9 kW (4 unit\u0103\u021bi de \u00eenc\u0103lzire de 0,7 kW); Tensiune: 220 V; Greutate: 18 kg.<\/p>\n","protected":false},"featured_media":21373,"template":"","meta":[],"_links":{"self":[{"href":"https:\/\/evotek.md\/ro\/wp-json\/wp\/v2\/product\/21374"}],"collection":[{"href":"https:\/\/evotek.md\/ro\/wp-json\/wp\/v2\/product"}],"about":[{"href":"https:\/\/evotek.md\/ro\/wp-json\/wp\/v2\/types\/product"}],"wp:featuredmedia":[{"embeddable":true,"href":"https:\/\/evotek.md\/ro\/wp-json\/wp\/v2\/media\/21373"}],"wp:attachment":[{"href":"https:\/\/evotek.md\/ro\/wp-json\/wp\/v2\/media?parent=21374"}],"curies":[{"name":"wp","href":"https:\/\/api.w.org\/{rel}","templated":true}]}}