{"id":21369,"date":"2021-03-19T11:18:20","date_gmt":"2021-03-19T11:20:11","guid":{"rendered":"https:\/\/evotek.md\/?post_type=product&#038;p=21369"},"modified":"2023-03-01T15:02:18","modified_gmt":"2023-03-01T15:02:18","slug":"aparat-pentru-kebab-electric-sd10","status":"publish","type":"product","link":"https:\/\/evotek.md\/ro\/produse\/echipamente-termice\/aparat-pentru-kebab\/aparat-pentru-kebab-electric-sd10\/","title":{"rendered":"APARAT ELECTRIC PENTRU KEBAB, 20 kg -REMTA-SD10"},"content":{"rendered":"<p><strong>APARAT ELECTRIC PENTRU KEBAB, 20 kg -REMTA-SD10- <\/strong>Aparatul electric pentru kebab cu unitate superioar\u0103 pentru 8 unit\u0103\u021bi de \u00eenc\u0103lzire este o alegere excelent\u0103 pentru cei care doresc s\u0103 prepare kebab delicios, bine pr\u0103jit, f\u0103r\u0103 prea mult efort. Unitatea superioar\u0103 simplific\u0103 foarte mult munca buc\u0103tarului, iar \u00eenc\u0103lzitoarele ceramice ofer\u0103 o zon\u0103 bun\u0103 de g\u0103tit, \u00een mai pu\u021bin timp \u0219i cu mai multe economii de energie.<\/p>\n<p>Caracteristici<\/p>\n<p>Ad\u0103ugare carne: p\u00e2n\u0103 la 20 kg<\/p>\n<p>Lungimea acului: 43 cm<\/p>\n<p>Material: inox<\/p>\n<p>Dimensiuni: 510\u0425660\u0445630 mm<\/p>\n<p>Putere: 2,9 kW<\/p>\n<p>Tensiune: 220 V<\/p>\n<p>Greutate: 17,1 kg<\/p>\n<p>&nbsp;<\/p>\n","protected":false},"excerpt":{"rendered":"<p>Aparatul electric pentru kebab cu ac\u021bionare superioar\u0103. Ad\u0103ugare carne: p\u00e2n\u0103 la 20 kg; Lungimea acului: 43 cm; Material: inox; Dimensiuni: 510\u0425660\u0445630 mm; Putere: 2,9 kW; Tensiune: 220 V; Greutate: 17,1 kg.<\/p>\n","protected":false},"featured_media":21368,"template":"","meta":[],"_links":{"self":[{"href":"https:\/\/evotek.md\/ro\/wp-json\/wp\/v2\/product\/21369"}],"collection":[{"href":"https:\/\/evotek.md\/ro\/wp-json\/wp\/v2\/product"}],"about":[{"href":"https:\/\/evotek.md\/ro\/wp-json\/wp\/v2\/types\/product"}],"wp:featuredmedia":[{"embeddable":true,"href":"https:\/\/evotek.md\/ro\/wp-json\/wp\/v2\/media\/21368"}],"wp:attachment":[{"href":"https:\/\/evotek.md\/ro\/wp-json\/wp\/v2\/media?parent=21369"}],"curies":[{"name":"wp","href":"https:\/\/api.w.org\/{rel}","templated":true}]}}