{"id":21364,"date":"2021-03-19T10:56:06","date_gmt":"2021-03-19T10:56:42","guid":{"rendered":"https:\/\/evotek.md\/?post_type=product&#038;p=21364"},"modified":"2023-03-01T15:20:19","modified_gmt":"2023-03-01T15:20:19","slug":"aparat-pentru-kebab-electric-pana-la-60-kg-sd18","status":"publish","type":"product","link":"https:\/\/evotek.md\/ro\/produse\/echipamente-termice\/aparat-pentru-kebab\/aparat-pentru-kebab-electric-pana-la-60-kg-sd18\/","title":{"rendered":"APARAT ELECTRIC PENTRU KEBAB, 60 kg -REMTA-SD18"},"content":{"rendered":"<p><strong>APARAT ELECTRIC PENTRU KEBAB, 60 kg -REMTA-SD18- <\/strong>Aparatul electric pentru kebab cu unitate superioar\u0103 pentru 8 unit\u0103\u021bi de \u00eenc\u0103lzire este o alegere excelent\u0103 pentru cei care doresc s\u0103 prepare kebab delicios, bine pr\u0103jit, f\u0103r\u0103 prea mult efort. Unitatea superioar\u0103 simplific\u0103 foarte mult munca buc\u0103tarului, iar \u00eenc\u0103lzitoarele ceramice ofer\u0103 o zon\u0103 bun\u0103 de g\u0103tit, \u00een mai pu\u021bin timp \u0219i cu mai multe economii de energie.<\/p>\n<p>Caracteristici<\/p>\n<p>Zone de \u00eenc\u0103lzire: 5<\/p>\n<p>Ad\u0103ugare carne: p\u00e2n\u0103 la 60 kg<\/p>\n<p>Lungimea acului: 97 cm<\/p>\n<p>Material: inox<\/p>\n<p>Dimensiuni: 540&#215;650\u04451300 mm<\/p>\n<p>Putere: 7,4 kW<\/p>\n<p>Tensiune: 220 V<\/p>\n<p>Greutate: 35 kg<\/p>\n<p>&nbsp;<\/p>\n","protected":false},"excerpt":{"rendered":"<p>Aparatul electric pentru kebab cu ac\u021bionare superioar\u0103, 5 zone de \u00eenc\u0103lzire. Ad\u0103ugare carne: p\u00e2n\u0103 la 60 kg; Lungimea acului: 97 cm; Material: inox; Dimensiuni: 540&#215;650\u04451300 mm; Putere: 7,4 kW; Tensiune: 220 V; Greutate: 35 kg.<\/p>\n","protected":false},"featured_media":21363,"template":"","meta":[],"_links":{"self":[{"href":"https:\/\/evotek.md\/ro\/wp-json\/wp\/v2\/product\/21364"}],"collection":[{"href":"https:\/\/evotek.md\/ro\/wp-json\/wp\/v2\/product"}],"about":[{"href":"https:\/\/evotek.md\/ro\/wp-json\/wp\/v2\/types\/product"}],"wp:featuredmedia":[{"embeddable":true,"href":"https:\/\/evotek.md\/ro\/wp-json\/wp\/v2\/media\/21363"}],"wp:attachment":[{"href":"https:\/\/evotek.md\/ro\/wp-json\/wp\/v2\/media?parent=21364"}],"curies":[{"name":"wp","href":"https:\/\/api.w.org\/{rel}","templated":true}]}}