{"id":21359,"date":"2021-03-19T10:33:59","date_gmt":"2021-03-19T10:34:33","guid":{"rendered":"https:\/\/evotek.md\/?post_type=product&#038;p=21359"},"modified":"2023-03-01T15:14:52","modified_gmt":"2023-03-01T15:14:52","slug":"aparat-pentru-kebab-electric-sd17h","status":"publish","type":"product","link":"https:\/\/evotek.md\/ro\/produse\/echipamente-termice\/aparat-pentru-kebab\/aparat-pentru-kebab-electric-sd17h\/","title":{"rendered":"APARAT ELECTRIC PENTRU KEBAB, 50 kg -REMTA-SD17H"},"content":{"rendered":"<p><strong>APARAT ELECTRIC PENTRU KEBAB, 50 kg -REMTA-SD17H- <\/strong>Aparatul electric pentru kebab cu unitate superioar\u0103 pentru 8 unit\u0103\u021bi de \u00eenc\u0103lzire este o alegere excelent\u0103 pentru cei care doresc s\u0103 prepare kebab delicios, bine pr\u0103jit, f\u0103r\u0103 prea mult efort. Unitatea superioar\u0103 simplific\u0103 foarte mult munca buc\u0103tarului, iar nuan\u021bele electrice vor oferi o zon\u0103 bun\u0103 de g\u0103tit.<\/p>\n<p>Caracteristici<\/p>\n<p>Ad\u0103ugare carne: p\u00e2n\u0103 la 50 kg<\/p>\n<p>Material: inox<\/p>\n<p>Dimensiuni: 530\u0425660\u04451200 mm<\/p>\n<p>Putere: 5,7 kW (8 zone de \u00eenc\u0103lzire la 0,7 kW)<\/p>\n<p>Tensiune: 220 V<\/p>\n<p>Greutate: 29,5 kg<\/p>\n<p>&nbsp;<\/p>\n","protected":false},"excerpt":{"rendered":"<p>Aparatul electric pentru kebab cu ac\u021bionare superioar\u0103, 8 zone de \u00eenc\u0103lzire. Ad\u0103ugare carne: p\u00e2n\u0103 la 50 kg; Material: inox; Dimensiuni: 530\u0425660\u04451200 mm; Putere: 5,7 kW (8 zone de \u00eenc\u0103lzire la 0,7 kW); Tensiune: 220 V; Greutate: 29,5 kg.<\/p>\n","protected":false},"featured_media":21358,"template":"","meta":[],"_links":{"self":[{"href":"https:\/\/evotek.md\/ro\/wp-json\/wp\/v2\/product\/21359"}],"collection":[{"href":"https:\/\/evotek.md\/ro\/wp-json\/wp\/v2\/product"}],"about":[{"href":"https:\/\/evotek.md\/ro\/wp-json\/wp\/v2\/types\/product"}],"wp:featuredmedia":[{"embeddable":true,"href":"https:\/\/evotek.md\/ro\/wp-json\/wp\/v2\/media\/21358"}],"wp:attachment":[{"href":"https:\/\/evotek.md\/ro\/wp-json\/wp\/v2\/media?parent=21359"}],"curies":[{"name":"wp","href":"https:\/\/api.w.org\/{rel}","templated":true}]}}