{"id":21349,"date":"2021-03-19T10:07:31","date_gmt":"2021-03-19T10:08:52","guid":{"rendered":"https:\/\/evotek.md\/?post_type=product&#038;p=21349"},"modified":"2023-03-01T15:17:39","modified_gmt":"2023-03-01T15:17:39","slug":"aparat-pentru-kebab-electric-50-kg-ma03","status":"publish","type":"product","link":"https:\/\/evotek.md\/ro\/produse\/echipamente-termice\/aparat-pentru-kebab\/aparat-pentru-kebab-electric-50-kg-ma03\/","title":{"rendered":"APARAT ELECTRIC PENTRU KEBAB, 50 KG -REMTA-MA03"},"content":{"rendered":"<p><strong>APARAT ELECTRIC PENTRU KEBAB, 50 KG -REMTA-MA03- <\/strong>Aparatul electric pentru kebab cu ac\u021bionare inferioar\u0103 este o alegere excelent\u0103 pentru cei care doresc s\u0103 fac\u0103 kebab delicios, bine pr\u0103jit, f\u0103r\u0103 prea mult efort. Unitatea inferioar\u0103 simplific\u0103 foarte mult munca buc\u0103tarului, serve\u0219te \u0219i ca tav\u0103 cu colector de gr\u0103simi, iar \u00eenc\u0103lzitoarele ceramice ofer\u0103 o zon\u0103 bun\u0103 de g\u0103tit, \u00een mai pu\u021bin timp \u0219i cu economie de energie electric\u0103.<\/p>\n<p>Caracteristici<\/p>\n<p>Zone de \u00eenc\u0103lzire: 4<\/p>\n<p>Ad\u0103ugare carne: p\u00e2n\u0103 la 50 kg<\/p>\n<p>Lungimea acului: 81 cm<\/p>\n<p>Material: inox<\/p>\n<p>Dimensiuni: 520x700x1250 mm<\/p>\n<p>Putere: 5,8 kW<\/p>\n<p>Tensiune: 220 V<\/p>\n<p>Greutate: 38 kg<\/p>\n<p>&nbsp;<\/p>\n<p>&nbsp;<\/p>\n","protected":false},"excerpt":{"rendered":"<p>Aparatul electric pentru kebab cu ac\u021bionare inferioar\u0103, 4 zone de \u00eenc\u0103lzire. Ad\u0103ugare carne: p\u00e2n\u0103 la 50 kg; Lungimea acului: 81 cm; Material: inox; Dimensiuni: 520x700x1250 mm; Putere: 5,8 kW; Tensiune: 220 V; Greutate: 38 kg.<\/p>\n","protected":false},"featured_media":21348,"template":"","meta":[],"_links":{"self":[{"href":"https:\/\/evotek.md\/ro\/wp-json\/wp\/v2\/product\/21349"}],"collection":[{"href":"https:\/\/evotek.md\/ro\/wp-json\/wp\/v2\/product"}],"about":[{"href":"https:\/\/evotek.md\/ro\/wp-json\/wp\/v2\/types\/product"}],"wp:featuredmedia":[{"embeddable":true,"href":"https:\/\/evotek.md\/ro\/wp-json\/wp\/v2\/media\/21348"}],"wp:attachment":[{"href":"https:\/\/evotek.md\/ro\/wp-json\/wp\/v2\/media?parent=21349"}],"curies":[{"name":"wp","href":"https:\/\/api.w.org\/{rel}","templated":true}]}}