{"id":21344,"date":"2021-03-18T15:50:45","date_gmt":"2021-03-18T15:51:26","guid":{"rendered":"https:\/\/evotek.md\/?post_type=product&#038;p=21344"},"modified":"2023-03-01T15:28:12","modified_gmt":"2023-03-01T15:28:12","slug":"aparat-pentru-kebab-pe-gaz-3-arzatoare-dt04","status":"publish","type":"product","link":"https:\/\/evotek.md\/ro\/produse\/echipamente-termice\/aparat-pentru-kebab\/aparat-pentru-kebab-pe-gaz-3-arzatoare-dt04\/","title":{"rendered":"APARAT PE GAZ PENTRU KEBAB, 35 kg -REMTA-DT04"},"content":{"rendered":"<p><strong>APARAT PE GAZ PENTRU KEBAB, 35 kg -REMTA-DT04- <\/strong>Dispozitivul pentru kebab pe gaz cu 3 arz\u0103toare este o alegere excelent\u0103 pentru cei care doresc s\u0103 fac\u0103 kebab delicios, bine pr\u0103jit, f\u0103r\u0103 prea mult efort. Unitatea inferioar\u0103 va asigura o pr\u0103jire uniform\u0103, iar arz\u0103toarele pe gaz vor oferi o zon\u0103 bun\u0103 de pr\u0103jire, \u00een mai pu\u021bin timp f\u0103r\u0103 a consuma energie electric\u0103. Reglarea separat\u0103 a puterii arz\u0103torului. Sistem automat de \u00eentrerupere a gazului.<\/p>\n<p>Caracteristici<\/p>\n<p>Dimensiunea arz\u0103torului: 210&#215;150 mm<\/p>\n<p>Ad\u0103ugare carne: p\u00e2n\u0103 la 35 kg<\/p>\n<p>Material: inox<\/p>\n<p>Dimensiuni: 520x700x1000 mm<\/p>\n<p>Putere termic\u0103: 8385 Kcal<\/p>\n<p>Consum de gaz: 0,9m3 \/ h<\/p>\n<p>Greutate: 34 kg<\/p>\n<p>&nbsp;<\/p>\n","protected":false},"excerpt":{"rendered":"<p>Aparat pentru kebab pe gaz, cu 3 arz\u0103toare. Dimensiunea arz\u0103torului: 210&#215;150 mm; Ad\u0103ugare carne: p\u00e2n\u0103 la 35 kg; Material: inox; Dimensiuni: 520x700x1000 mm; Putere termic\u0103: 8385 Kcal; Consum de gaz: 0,9m3 \/ h; Greutate: 34 kg.<\/p>\n","protected":false},"featured_media":21343,"template":"","meta":[],"_links":{"self":[{"href":"https:\/\/evotek.md\/ro\/wp-json\/wp\/v2\/product\/21344"}],"collection":[{"href":"https:\/\/evotek.md\/ro\/wp-json\/wp\/v2\/product"}],"about":[{"href":"https:\/\/evotek.md\/ro\/wp-json\/wp\/v2\/types\/product"}],"wp:featuredmedia":[{"embeddable":true,"href":"https:\/\/evotek.md\/ro\/wp-json\/wp\/v2\/media\/21343"}],"wp:attachment":[{"href":"https:\/\/evotek.md\/ro\/wp-json\/wp\/v2\/media?parent=21344"}],"curies":[{"name":"wp","href":"https:\/\/api.w.org\/{rel}","templated":true}]}}