{"id":21331,"date":"2021-03-18T15:17:21","date_gmt":"2021-03-18T15:18:00","guid":{"rendered":"https:\/\/evotek.md\/?post_type=product&#038;p=21331"},"modified":"2023-03-01T15:31:54","modified_gmt":"2023-03-01T15:31:54","slug":"aparat-pentru-kebab-pe-gaz-4-arzatoare-d16-lpg","status":"publish","type":"product","link":"https:\/\/evotek.md\/ro\/produse\/echipamente-termice\/aparat-pentru-kebab\/aparat-pentru-kebab-pe-gaz-4-arzatoare-d16-lpg\/","title":{"rendered":"APARAT PE GAZ PENTRU KEBAB 50 kg -REMTA-D16 LPG"},"content":{"rendered":"<p><strong>APARAT PE GAZ PENTRU KEBAB 50 kg -REMTA-D16 LPG- <\/strong>Dispozitivul pentru kebab pe gaz, cu 4 arz\u0103toare este o alegere excelent\u0103 pentru cei care doresc s\u0103 fac\u0103 kebab delicios, bine pr\u0103jit, f\u0103r\u0103 prea mult efort. Dispozitivul pe gaz va oferi o zon\u0103 bun\u0103 de pr\u0103jire, \u00een pu\u021bin timp f\u0103r\u0103 a consuma energie electric\u0103. Reglarea separat\u0103 a puterii arz\u0103torului. Sistem automat de \u00eentrerupere a gazului.<\/p>\n<p>Caracteristici<\/p>\n<p>Dimensiunea arz\u0103torului: 210&#215;150 mm<\/p>\n<p>Ad\u0103ugare carne: p\u00e2n\u0103 la 50 kg<\/p>\n<p>Material: inox<\/p>\n<p>Dimensiuni: 540x640x1200 mm<\/p>\n<p>Consum de gaz: 1,32 m3 \/ h &#8211; 1,2 kg \/ h &#8211; 20 mbar &#8211; 1180 kcal<\/p>\n<p>Greutate: 26 kg<\/p>\n<p>&nbsp;<\/p>\n<p>&nbsp;<\/p>\n","protected":false},"excerpt":{"rendered":"<p>Aparat pentru kebab pe gaz, cu 4 arz\u0103toare. Dimensiunea arz\u0103torului: 210&#215;150 mm; Ad\u0103ugare carne: p\u00e2n\u0103 la 50 kg; Material: inox; Dimensiuni: 540x640x1200 mm; Consum de gaz: 1,32 m3 \/ h &#8211; 1,2 kg \/ h &#8211; 20 mbar &#8211; 1180 kcal; Greutate: 26 kg.<\/p>\n","protected":false},"featured_media":21330,"template":"","meta":[],"_links":{"self":[{"href":"https:\/\/evotek.md\/ro\/wp-json\/wp\/v2\/product\/21331"}],"collection":[{"href":"https:\/\/evotek.md\/ro\/wp-json\/wp\/v2\/product"}],"about":[{"href":"https:\/\/evotek.md\/ro\/wp-json\/wp\/v2\/types\/product"}],"wp:featuredmedia":[{"embeddable":true,"href":"https:\/\/evotek.md\/ro\/wp-json\/wp\/v2\/media\/21330"}],"wp:attachment":[{"href":"https:\/\/evotek.md\/ro\/wp-json\/wp\/v2\/media?parent=21331"}],"curies":[{"name":"wp","href":"https:\/\/api.w.org\/{rel}","templated":true}]}}