{"id":21320,"date":"2021-03-18T14:54:04","date_gmt":"2021-03-18T14:54:42","guid":{"rendered":"https:\/\/evotek.md\/?post_type=product&#038;p=21320"},"modified":"2023-03-01T15:28:57","modified_gmt":"2023-03-01T15:28:57","slug":"aparat-pentru-kebab-pe-gaz-4-arzatoare-d13-lpg","status":"publish","type":"product","link":"https:\/\/evotek.md\/ro\/produse\/echipamente-termice\/aparat-pentru-kebab\/aparat-pentru-kebab-pe-gaz-4-arzatoare-d13-lpg\/","title":{"rendered":"APARAT PE GAZ PENTRU KEBAB, 50 kg -REMTA-D13 LPG"},"content":{"rendered":"<p><strong>APARAT PE GAZ PENTRU KEBAB, 50 kg -REMTA-D13 LPG- <\/strong>Dispozitivul pentru kebab pe gaz cu rotire mecanic\u0103 a acului, cu 4 arz\u0103toare este o alegere excelent\u0103 pentru cei care doresc s\u0103 fac\u0103 kebab delicios, bine pr\u0103jit, f\u0103r\u0103 prea mult efort. Dispozitivul este furnizat cu rotire mecanic\u0103 a acului, iar arz\u0103toarele pe gaz vor oferi o zon\u0103 bun\u0103 de pr\u0103jire, \u00een pu\u021bin timp f\u0103r\u0103 a consuma energie electric\u0103. Reglarea separat\u0103 a puterii arz\u0103torului. Sistem automat de \u00eentrerupere a gazului.<\/p>\n<p>Caracteristici<\/p>\n<p>Dimensiunea arz\u0103torului: 210&#215;150 mm<\/p>\n<p>Ad\u0103ugare carne: p\u00e2n\u0103 la 50 kg<\/p>\n<p>Material: inox<\/p>\n<p>Dimensiuni: 500x560x1090 mm<\/p>\n<p>Consum de gaz: 1,32 m3 \/ h &#8211; 1,2 kg \/ h &#8211; 20 mbar &#8211; 1180 kcal<\/p>\n<p>Greutate: 19,5 kg<\/p>\n<p>&nbsp;<\/p>\n","protected":false},"excerpt":{"rendered":"<p>Aparat pentru kebab pe gaz cu rotire mecanic\u0103 a acului, cu 4 arz\u0103toare. Dimensiunea arz\u0103torului: 210&#215;150 mm; \u00cenc\u0103rcarea c\u0103rnii: p\u00e2n\u0103 la 50 kg; Material: inox; Dimensiuni: 500x560x1090 mm; Consum de gaz: 1,32 m3 \/ h &#8211; 1,2 kg \/ h &#8211; 20 mbar &#8211; 1180 kcal; Greutate: 19,5 kg.<\/p>\n","protected":false},"featured_media":21319,"template":"","meta":[],"_links":{"self":[{"href":"https:\/\/evotek.md\/ro\/wp-json\/wp\/v2\/product\/21320"}],"collection":[{"href":"https:\/\/evotek.md\/ro\/wp-json\/wp\/v2\/product"}],"about":[{"href":"https:\/\/evotek.md\/ro\/wp-json\/wp\/v2\/types\/product"}],"wp:featuredmedia":[{"embeddable":true,"href":"https:\/\/evotek.md\/ro\/wp-json\/wp\/v2\/media\/21319"}],"wp:attachment":[{"href":"https:\/\/evotek.md\/ro\/wp-json\/wp\/v2\/media?parent=21320"}],"curies":[{"name":"wp","href":"https:\/\/api.w.org\/{rel}","templated":true}]}}