{"id":21315,"date":"2021-03-18T14:46:08","date_gmt":"2021-03-18T14:47:07","guid":{"rendered":"https:\/\/evotek.md\/?post_type=product&#038;p=21315"},"modified":"2023-03-01T15:25:28","modified_gmt":"2023-03-01T15:25:28","slug":"aparat-pentru-kebab-pe-gaz-3-arzatoare-d12-lpg","status":"publish","type":"product","link":"https:\/\/evotek.md\/ro\/produse\/echipamente-termice\/aparat-pentru-kebab\/aparat-pentru-kebab-pe-gaz-3-arzatoare-d12-lpg\/","title":{"rendered":"APARAT PE GAZ PENTRU KEBAB, 40 kg -REMTA-D12 LPG"},"content":{"rendered":"<p><strong>APARAT PE GAZ PENTRU KEBAB, 40 kg -REMTA-D12 LPG- <\/strong>Dispozitivul pentru kebab pe gaz cu rotire mecanic\u0103 a acului, cu 3 arz\u0103toare este o alegere excelent\u0103 pentru cei care doresc s\u0103 fac\u0103 kebab delicios, bine pr\u0103jit, f\u0103r\u0103 prea mult efort. Dispozitivul este furnizat cu rotire mecanic\u0103 a acului, iar arz\u0103toarele pe gaz vor oferi o zon\u0103 bun\u0103 de pr\u0103jire, \u00een pu\u021bin timp f\u0103r\u0103 a consuma energie electric\u0103. Reglarea separat\u0103 a puterii arz\u0103torului. Sistem automat de \u00eentrerupere a gazului.<\/p>\n<p>Caracteristici<\/p>\n<p>Dimensiunea arz\u0103torului: 210&#215;150 mm<\/p>\n<p>Ad\u0103ugare carne: p\u00e2n\u0103 la 40 kg<\/p>\n<p>Material: inox<\/p>\n<p>Dimensiuni: 480\u0445310\u0445990 mm<\/p>\n<p>Puterea termic\u0103: 8,6kW<\/p>\n<p>Consum de gaz: 0,9m3 \/ h<\/p>\n<p>Greutate: 16,6 kg<\/p>\n<p>&nbsp;<\/p>\n","protected":false},"excerpt":{"rendered":"<p>Aparat pentru kebab pe gaz cu rotire mecanic\u0103 a acului, cu 3 arz\u0103toare. Dimensiunea arz\u0103torului: 210&#215;150 mm; Ad\u0103ugare carne: p\u00e2n\u0103 la 40 kg; Material: inox; Dimensiuni: 480\u0445310\u0445990 mm; Puterea termic\u0103: 8,6kW; Consum de gaz: 0,9m3 \/ h; Greutate: 16,6 kg.<\/p>\n","protected":false},"featured_media":21314,"template":"","meta":[],"_links":{"self":[{"href":"https:\/\/evotek.md\/ro\/wp-json\/wp\/v2\/product\/21315"}],"collection":[{"href":"https:\/\/evotek.md\/ro\/wp-json\/wp\/v2\/product"}],"about":[{"href":"https:\/\/evotek.md\/ro\/wp-json\/wp\/v2\/types\/product"}],"wp:featuredmedia":[{"embeddable":true,"href":"https:\/\/evotek.md\/ro\/wp-json\/wp\/v2\/media\/21314"}],"wp:attachment":[{"href":"https:\/\/evotek.md\/ro\/wp-json\/wp\/v2\/media?parent=21315"}],"curies":[{"name":"wp","href":"https:\/\/api.w.org\/{rel}","templated":true}]}}