{"id":21305,"date":"2021-03-18T14:29:01","date_gmt":"2021-03-18T14:29:40","guid":{"rendered":"https:\/\/evotek.md\/?post_type=product&#038;p=21305"},"modified":"2023-03-01T15:21:37","modified_gmt":"2023-03-01T15:21:37","slug":"aparat-pentru-kebab-pe-gaz-1-arzator-d10-lpg","status":"publish","type":"product","link":"https:\/\/evotek.md\/ro\/produse\/echipamente-termice\/aparat-pentru-kebab\/aparat-pentru-kebab-pe-gaz-1-arzator-d10-lpg\/","title":{"rendered":"APARAT PE GAZ PENTRU KEBAB, 5 kg -REMTA-D10 LPG"},"content":{"rendered":"<p><strong>APARAT PE GAZ PENTRU KEBAB, 5 kg -REMTA-D10 LPG- <\/strong>Dispozitivul pentru kebab pe gaz cu rotire mecanic\u0103 a acului, cu 1 arz\u0103tor este o alegere excelent\u0103 pentru cei care doresc s\u0103 fac\u0103 kebab delicios, bine pr\u0103jit, f\u0103r\u0103 prea mult efort. Dispozitivul este furnizat cu rotire mecanic\u0103 a acului, iar arz\u0103toarele pe gaz vor oferi o zon\u0103 bun\u0103 de pr\u0103jire, \u00een pu\u021bin timp f\u0103r\u0103 a consuma energie electric\u0103. Sistem automat de \u00eentrerupere a gazului.<\/p>\n<p>Caracteristici<\/p>\n<p>Dimensiunea arz\u0103torului: 210&#215;150 mm<\/p>\n<p>Ad\u0103ugare carne: p\u00e2n\u0103 la 5 kg<\/p>\n<p>\u00cen\u0103l\u021bimea acului: 33 cm<\/p>\n<p>Material: inox<\/p>\n<p>Dimensiuni: 320x450x480 mm<\/p>\n<p>Puterea termic\u0103: 2795 kcal<\/p>\n<p>Consum de gaz: 0,3 m3 \/ h<\/p>\n<p>Greutate: 7 kg<\/p>\n<p>&nbsp;<\/p>\n","protected":false},"excerpt":{"rendered":"<p>Aparat pentru kebab pe gaz cu rotire mecanic\u0103 a acului, cu 1 arz\u0103tor. Dimensiunea arz\u0103torului: 210&#215;150 mm; Ad\u0103ugare carne: p\u00e2n\u0103 la 5 kg; \u00cen\u0103l\u021bimea acului: 33 cm; Material: inox; Dimensiuni: 320x450x480 mm; Puterea termic\u0103: 2795 kcal; Consum de gaz: 0,3 m3 \/ h; Greutate: 7 kg.<\/p>\n","protected":false},"featured_media":21304,"template":"","meta":[],"_links":{"self":[{"href":"https:\/\/evotek.md\/ro\/wp-json\/wp\/v2\/product\/21305"}],"collection":[{"href":"https:\/\/evotek.md\/ro\/wp-json\/wp\/v2\/product"}],"about":[{"href":"https:\/\/evotek.md\/ro\/wp-json\/wp\/v2\/types\/product"}],"wp:featuredmedia":[{"embeddable":true,"href":"https:\/\/evotek.md\/ro\/wp-json\/wp\/v2\/media\/21304"}],"wp:attachment":[{"href":"https:\/\/evotek.md\/ro\/wp-json\/wp\/v2\/media?parent=21305"}],"curies":[{"name":"wp","href":"https:\/\/api.w.org\/{rel}","templated":true}]}}