{"id":21062,"date":"2021-02-09T13:35:16","date_gmt":"2021-02-09T13:35:16","guid":{"rendered":"https:\/\/evotek.md\/?post_type=product&#038;p=21062"},"modified":"2021-02-09T13:35:16","modified_gmt":"2021-02-09T13:35:16","slug":"set-de-hartie-pentru-press-hamburger-o-100-mm-m-09300589","status":"publish","type":"product","link":"https:\/\/evotek.md\/ro\/produse\/echipamente-electromecanice\/masina-de-presat-carne-pentru-hamburger\/set-de-hartie-pentru-press-hamburger-o-100-mm-m-09300589\/","title":{"rendered":"SET DE H\u00c2RTIE PENTRU PRESS HAMBURGER \u00d8 100 mm -M-09300589"},"content":{"rendered":"<p><strong>SET DE H\u00c2RTIE PENTRU PRESS HAMBURGER<\/strong> <strong>\u00d8<\/strong><strong> 100 mm -M-09300589-<\/strong> este o parte esen\u021bial\u0103 atunci c\u00e2nd lucra\u021bi cu o pres\u0103 manual\u0103 de hamburger.<\/p>\n<p>Caracteristici<\/p>\n<p>H\u00e2rtie pentru hamburger: 100 mm<\/p>\n<p>\u00centr-un set: 500 buc\u0103\u021bi<\/p>\n<p>&nbsp;<\/p>\n","protected":false},"excerpt":{"rendered":"<p>Set de h\u00e2rtie pentru press hamburger cu dimensiunea de \u00d8 100 mm. \u00centr-un set: 500 buc\u0103\u021bi.<\/p>\n","protected":false},"featured_media":21061,"template":"","meta":[],"_links":{"self":[{"href":"https:\/\/evotek.md\/ro\/wp-json\/wp\/v2\/product\/21062"}],"collection":[{"href":"https:\/\/evotek.md\/ro\/wp-json\/wp\/v2\/product"}],"about":[{"href":"https:\/\/evotek.md\/ro\/wp-json\/wp\/v2\/types\/product"}],"wp:featuredmedia":[{"embeddable":true,"href":"https:\/\/evotek.md\/ro\/wp-json\/wp\/v2\/media\/21061"}],"wp:attachment":[{"href":"https:\/\/evotek.md\/ro\/wp-json\/wp\/v2\/media?parent=21062"}],"curies":[{"name":"wp","href":"https:\/\/api.w.org\/{rel}","templated":true}]}}