{"id":21021,"date":"2021-02-09T12:20:19","date_gmt":"2021-02-09T12:20:19","guid":{"rendered":"https:\/\/evotek.md\/?post_type=product&#038;p=21021"},"modified":"2021-02-09T12:20:19","modified_gmt":"2021-02-09T12:20:19","slug":"raft-pentru-patiserie-rp-gn-1-1-28%d0%ba-750x540x1680","status":"publish","type":"product","link":"https:\/\/evotek.md\/ro\/produse\/mobila-din-inox\/rafturi-din-inox\/rafturi-pentru-cofetarie\/raft-pentru-patiserie-rp-gn-1-1-28%d0%ba-750x540x1680\/","title":{"rendered":"RAFT PENTRU PATISERIE -RP-GN 1\/1-28\u041a \u00a0(750x540x1680)"},"content":{"rendered":"<p><strong>RAFT PENTRU PATISERIE<\/strong> <strong>-RP-<\/strong><strong>GN 1\/1-28\u041a <\/strong><strong>\u00a0<\/strong><strong>(750x540x1680)-<\/strong> Raftul pentru cofet\u0103rie este conceput pentru \u00eenc\u0103rcarea, desc\u0103rcarea \u0219i transportarea alimentelor \u00een ateliere culinare. Raftul este fabricat din inox alimentar. Raftul este montat pe 4 ro\u021bi cu fr\u00e2ne.<\/p>\n<p>Caracteristici<\/p>\n<p>Parametri: 750x540x1680 mm<\/p>\n<p>Num\u0103r de nivele: 28 buc.<\/p>\n<p>Dimensiuni tave: GN 1\/1 mm<\/p>\n<p>Distan\u021ba dintre nivele: 100 \u043c\u043c<\/p>\n<p>&nbsp;<\/p>\n","protected":false},"excerpt":{"rendered":"<p>Raft pentru patiserie din inox. Parametri: 750x540x1680 mm; Num\u0103r de nivele: 28 buc.; Dimensiuni tave: GN 1\/1 mm; Distan\u021ba dintre nivele: 100 \u043c\u043c.<\/p>\n","protected":false},"featured_media":21012,"template":"","meta":[],"_links":{"self":[{"href":"https:\/\/evotek.md\/ro\/wp-json\/wp\/v2\/product\/21021"}],"collection":[{"href":"https:\/\/evotek.md\/ro\/wp-json\/wp\/v2\/product"}],"about":[{"href":"https:\/\/evotek.md\/ro\/wp-json\/wp\/v2\/types\/product"}],"wp:featuredmedia":[{"embeddable":true,"href":"https:\/\/evotek.md\/ro\/wp-json\/wp\/v2\/media\/21012"}],"wp:attachment":[{"href":"https:\/\/evotek.md\/ro\/wp-json\/wp\/v2\/media?parent=21021"}],"curies":[{"name":"wp","href":"https:\/\/api.w.org\/{rel}","templated":true}]}}