{"id":21005,"date":"2021-02-09T11:54:05","date_gmt":"2021-02-09T11:54:05","guid":{"rendered":"https:\/\/evotek.md\/?post_type=product&#038;p=21005"},"modified":"2021-02-09T11:54:05","modified_gmt":"2021-02-09T11:54:05","slug":"raft-pentru-patiserie-rp-gn-2-1-14n-715x540x1680","status":"publish","type":"product","link":"https:\/\/evotek.md\/ro\/produse\/mobila-din-inox\/rafturi-din-inox\/rafturi-pentru-cofetarie\/raft-pentru-patiserie-rp-gn-2-1-14n-715x540x1680\/","title":{"rendered":"RAFT PENTRU PATISERIE &#8211; RP-GN 2\/1-14N (715x540x1680)"},"content":{"rendered":"<p><strong>RAFT PENTRU PATISERIE<\/strong> <strong>&#8211; RP-GN 2\/1-14<\/strong><strong>N<\/strong> <strong>(715x540x1680)-<\/strong> Raftul pentru cofet\u0103rie este conceput pentru \u00eenc\u0103rcarea, desc\u0103rcarea \u0219i transportarea alimentelor \u00een ateliere culinare. Raftul este fabricat din inox alimentar. Raftul este montat pe 4 ro\u021bi cu fr\u00e2ne.<\/p>\n<p>Caracteristici<\/p>\n<p>Parametri: 715x540x1680 mm<\/p>\n<p>Num\u0103r de nivele: 14 buc.<\/p>\n<p>Dimensiuni tave: GN 2\/1 mm<\/p>\n<p>Distan\u021ba dintre nivele: 100 \u043c\u043c<\/p>\n<p>&nbsp;<\/p>\n<p>&nbsp;<\/p>\n","protected":false},"excerpt":{"rendered":"<p>Raft pentru patiserie din inox. Parametri: 715x540x1680 mm; Num\u0103r de nivele: 14 buc.; Dimensiuni tave: GN 2\/1 mm; Distan\u021ba dintre nivele: 100 \u043c\u043c.<\/p>\n","protected":false},"featured_media":20990,"template":"","meta":[],"_links":{"self":[{"href":"https:\/\/evotek.md\/ro\/wp-json\/wp\/v2\/product\/21005"}],"collection":[{"href":"https:\/\/evotek.md\/ro\/wp-json\/wp\/v2\/product"}],"about":[{"href":"https:\/\/evotek.md\/ro\/wp-json\/wp\/v2\/types\/product"}],"wp:featuredmedia":[{"embeddable":true,"href":"https:\/\/evotek.md\/ro\/wp-json\/wp\/v2\/media\/20990"}],"wp:attachment":[{"href":"https:\/\/evotek.md\/ro\/wp-json\/wp\/v2\/media?parent=21005"}],"curies":[{"name":"wp","href":"https:\/\/api.w.org\/{rel}","templated":true}]}}