{"id":20996,"date":"2021-02-09T11:33:50","date_gmt":"2021-02-09T11:33:50","guid":{"rendered":"https:\/\/evotek.md\/?post_type=product&#038;p=20996"},"modified":"2021-02-09T11:33:50","modified_gmt":"2021-02-09T11:33:50","slug":"raft-pentru-patiserie-rp-14n-670x470x1680-2","status":"publish","type":"product","link":"https:\/\/evotek.md\/ro\/produse\/mobila-din-inox\/rafturi-din-inox\/rafturi-pentru-cofetarie\/raft-pentru-patiserie-rp-14n-670x470x1680-2\/","title":{"rendered":"RAFT PENTRU PATISERIE -RP-14N (670x470x1680)"},"content":{"rendered":"<p><strong>RAFT PENTRU PATISERIE<\/strong> <strong>-RP-14<\/strong><strong>N<\/strong><strong> (670<\/strong><strong>x<\/strong><strong>470<\/strong><strong>x<\/strong><strong>1680)-<\/strong> Raftul pentru cofet\u0103rie este conceput pentru \u00eenc\u0103rcarea, desc\u0103rcarea \u0219i transportarea alimentelor \u00een ateliere culinare. Raftul este fabricat din inox alimentar.<\/p>\n<p>Caracteristici<\/p>\n<p>Parametri: 670x470x1680 mm<\/p>\n<p>Num\u0103r de nivele: 14 buc.<\/p>\n<p>Dimensiuni tave: 600&#215;400 mm<\/p>\n<p>Distan\u021ba dintre nivele: 100 \u043c\u043c<\/p>\n<p>&nbsp;<\/p>\n","protected":false},"excerpt":{"rendered":"<p>Raft pentru patiserie din inox. Parametri: 670x470x1680 mm; Num\u0103r de nivele: 14 buc.; Dimensiuni tave: 600&#215;400 mm; Distan\u021ba dintre nivele: 100 \u043c\u043c.<\/p>\n","protected":false},"featured_media":20995,"template":"","meta":[],"_links":{"self":[{"href":"https:\/\/evotek.md\/ro\/wp-json\/wp\/v2\/product\/20996"}],"collection":[{"href":"https:\/\/evotek.md\/ro\/wp-json\/wp\/v2\/product"}],"about":[{"href":"https:\/\/evotek.md\/ro\/wp-json\/wp\/v2\/types\/product"}],"wp:featuredmedia":[{"embeddable":true,"href":"https:\/\/evotek.md\/ro\/wp-json\/wp\/v2\/media\/20995"}],"wp:attachment":[{"href":"https:\/\/evotek.md\/ro\/wp-json\/wp\/v2\/media?parent=20996"}],"curies":[{"name":"wp","href":"https:\/\/api.w.org\/{rel}","templated":true}]}}