{"id":20975,"date":"2021-02-09T11:00:21","date_gmt":"2021-02-09T11:00:21","guid":{"rendered":"https:\/\/evotek.md\/?post_type=product&#038;p=20975"},"modified":"2021-02-09T11:00:21","modified_gmt":"2021-02-09T11:00:21","slug":"raft-pentru-bucatarie-rb-1-3-r-500-1900x400-700x1800","status":"publish","type":"product","link":"https:\/\/evotek.md\/ro\/produse\/mobila-din-inox\/rafturi-din-inox\/rafturi-pentru-bucatarie\/raft-pentru-bucatarie-rb-1-3-r-500-1900x400-700x1800\/","title":{"rendered":"RAFT PENTRU BUC\u0102T\u0102RIE -RB-1-3-R (500-1900&#215;400-700&#215;1800)"},"content":{"rendered":"<p><strong>RAFT PENTRU BUC\u0102T\u0102RIE<\/strong> <strong>&#8211;<\/strong><strong>RB-<\/strong><strong>1-3<\/strong><strong>&#8211;<\/strong><strong>R<\/strong> <strong>(<\/strong><strong>500-1900&#215;400-700&#215;1800<\/strong><strong>)<\/strong><strong>&#8211; <\/strong>Raft pentru buc\u0103t\u0103rie conceput pentru depozitarea alimentelor, vaselor \u0219i echipamentelor \u00een volume mari. Carcasa \u0219i rafturile sunt acoperite cu polimer. Picioarele sunt reglabile pe \u00een\u0103l\u021bime. Structura sudat\u0103 a raftului asigur\u0103 rezisten\u021ba \u0219i fiabilitatea acestuia.<\/p>\n<p>Caracteristici<\/p>\n<p>Parametri: 500-1900&#215;400-700&#215;1800 mm<\/p>\n<p>Num\u0103r de rafturi: 3 buc.<\/p>\n<p>\u00cenc\u0103rcare pe raft: 60 kg<\/p>\n<p>&nbsp;<\/p>\n<p>&nbsp;<\/p>\n","protected":false},"excerpt":{"rendered":"<p>Raft pentru buc\u0103t\u0103rie din inox. Parametri: 500-1900&#215;400-700&#215;1800 mm; Num\u0103rul de rafturi: 3 buc.; \u00cenc\u0103rcare pe raft: 60 kg.<\/p>\n","protected":false},"featured_media":20974,"template":"","meta":[],"_links":{"self":[{"href":"https:\/\/evotek.md\/ro\/wp-json\/wp\/v2\/product\/20975"}],"collection":[{"href":"https:\/\/evotek.md\/ro\/wp-json\/wp\/v2\/product"}],"about":[{"href":"https:\/\/evotek.md\/ro\/wp-json\/wp\/v2\/types\/product"}],"wp:featuredmedia":[{"embeddable":true,"href":"https:\/\/evotek.md\/ro\/wp-json\/wp\/v2\/media\/20974"}],"wp:attachment":[{"href":"https:\/\/evotek.md\/ro\/wp-json\/wp\/v2\/media?parent=20975"}],"curies":[{"name":"wp","href":"https:\/\/api.w.org\/{rel}","templated":true}]}}