{"id":20940,"date":"2021-02-08T15:52:18","date_gmt":"2021-02-08T15:52:18","guid":{"rendered":"https:\/\/evotek.md\/?post_type=product&#038;p=20940"},"modified":"2021-02-08T15:52:18","modified_gmt":"2021-02-08T15:52:18","slug":"raft-pentru-bucatarie-rb-5-4r-1200x500x1800","status":"publish","type":"product","link":"https:\/\/evotek.md\/ro\/produse\/mobila-din-inox\/rafturi-din-inox\/rafturi-pentru-bucatarie\/raft-pentru-bucatarie-rb-5-4r-1200x500x1800\/","title":{"rendered":"RAFT PENTRU BUC\u0102T\u0102RIE -RB-5-4R (1200x500x1800)"},"content":{"rendered":"<p><strong>RAFT PENTRU BUC\u0102T\u0102RIE<\/strong> <strong>&#8211;<\/strong><strong>RB<\/strong><strong>-5-4<\/strong><strong>R<\/strong><strong> (<\/strong><strong>1200x500x1800<\/strong><strong>)<\/strong><strong>&#8211; <\/strong>Raft pentru buc\u0103t\u0103rie conceput pentru depozitarea alimentelor, vaselor \u0219i echipamentelor \u00een volume mari. Carcasa \u0219i rafturile sunt realizate din inox. Picioarele sunt reglabile pe \u00een\u0103l\u021bime. Structura sudat\u0103 a raftului asigur\u0103 rezisten\u021ba \u0219i fiabilitatea acestuia.<\/p>\n<p>Caracteristici<\/p>\n<p>Parametri: 1200x500x1800 mm<\/p>\n<p>Num\u0103r de rafturi: 4 buc.<\/p>\n<p>\u00cenc\u0103rcare pe raft: 60 kg<\/p>\n<p>&nbsp;<\/p>\n","protected":false},"excerpt":{"rendered":"<p>Raft pentru buc\u0103t\u0103rie din inox. Parametri: 1200x500x1800 mm; Num\u0103rul de rafturi: 4 buc.; \u00cenc\u0103rcare pe raft: 60 kg.<\/p>\n","protected":false},"featured_media":20933,"template":"","meta":[],"_links":{"self":[{"href":"https:\/\/evotek.md\/ro\/wp-json\/wp\/v2\/product\/20940"}],"collection":[{"href":"https:\/\/evotek.md\/ro\/wp-json\/wp\/v2\/product"}],"about":[{"href":"https:\/\/evotek.md\/ro\/wp-json\/wp\/v2\/types\/product"}],"wp:featuredmedia":[{"embeddable":true,"href":"https:\/\/evotek.md\/ro\/wp-json\/wp\/v2\/media\/20933"}],"wp:attachment":[{"href":"https:\/\/evotek.md\/ro\/wp-json\/wp\/v2\/media?parent=20940"}],"curies":[{"name":"wp","href":"https:\/\/api.w.org\/{rel}","templated":true}]}}