{"id":2091,"date":"2020-02-17T16:08:01","date_gmt":"2020-02-17T16:28:41","guid":{"rendered":"https:\/\/evotek.md\/?post_type=product&#038;p=2091"},"modified":"2025-03-14T09:29:29","modified_gmt":"2025-03-14T09:29:29","slug":"masina-de-intins-aluat-empero-emp-ha-01-y","status":"publish","type":"product","link":"https:\/\/evotek.md\/ro\/produse\/echipamente-electromecanice\/masina-pentru-indindere-aluat\/masina-de-intins-aluat-empero-emp-ha-01-y\/","title":{"rendered":"MASINA DE INTINS ALUAT 2 RULOURI 40 cm -EMP.HA.01.Y"},"content":{"rendered":"<p><strong>MASINA DE INTINS ALUAT 2 RULOURI 40 cm -EMP.HA.01.Y-<\/strong> este conceput\u0103 pentru \u00eentinderea aluatului pentru pizza, produse de panifica\u021bie, pl\u0103cinte etc.<\/p>\n<p>Pentru formarea blatului de pizza se folosesc ma\u0219ini de turat aluat cu dou\u0103 role. Unul din role ruleaz\u0103 bucata de aluat \u00eentr-o form\u0103 de elips\u0103. Apoi blatul cade pe echilibrator \u0219i intr\u0103 \u00een a doua pereche de rulouri, care o \u00eentinde mai fin p\u00e2n\u0103 la o form\u0103 rotund\u0103. Pute\u021bi ajusta grosimea aluatului at\u00e2t pentru prima, c\u00e2t \u0219i pentru a doua trecere a aluatului. Principalul avantaj al form\u0103rii aluatului folosind masina cu doua perechi de role v\u0103 permite s\u0103 ob\u021bine\u021bi o structur\u0103 bl\u00e2nd\u0103 a crustei.<\/p>\n<p>Caracteristici<br \/>\nProduc\u0103tor: Turcia, Empero<br \/>\n\u00centrerup\u0103tor de siguran\u021b\u0103<br \/>\nConectare electric\u0103<br \/>\nNum\u0103r de rulouri: 2 buc.<br \/>\nDistan\u021ba dintre rulouri este de p\u00e2n\u0103 la 5 mm<br \/>\nAmplasarea rulourilor: \u00een unghi<br \/>\nPotrivit pentru aluat de pizza<br \/>\nDiametru pizza: 140 &#8211; 400 mm<br \/>\nMasa buc\u0103\u021bii de aluat rulat: 80 &#8211; 210 g.<br \/>\nLungimea rulourilor: 400 <span style=\"font-size: 14.4px\">mm<\/span><span style=\"font-size: 14.4px\"><br \/>\n<\/span>Tensiune: 220<span style=\"font-size: 14.4px\">\u00a0<\/span><span style=\"font-size: 14.4px\">V<br \/>\n<\/span>Putere: 0,25 <span style=\"font-size: 14.4px\">kW<\/span><span style=\"font-size: 14.4px\"><br \/>\n<\/span>Dimensiuni: 530x550x650 <span style=\"font-size: 14.4px\">mm<br \/>\n<\/span>Greutate, 41 <span style=\"font-size: 14.4px\">kg<\/span><span style=\"font-size: 14.4px\">\u00a0<\/span><\/p>\n","protected":false},"excerpt":{"rendered":"<p>Masina de de \u00eentins aluat. Produc\u0103tor: Turcia, Empero; \u00centrerup\u0103tor de siguran\u021b\u0103; Conectare electric\u0103; Num\u0103r de rulouri: 2 buc; Distan\u021ba dintre rulouri este de p\u00e2n\u0103 la 5 mm; Amplasarea rulourilor: \u00een unghi; Potrivit pentru aluat de pizza; Diametru pizza: 140 &#8211; 400 mm; Masa buc\u0103\u021bii de aluat rulat: 80 &#8211; 210 g; Lungimea rulourilor: 400 <span style=\"font-size: 14.4px\">mm<\/span><span style=\"font-size: 14.4px\">; <\/span>Tensiune: 220<span style=\"font-size: 14.4px\">\u00a0<\/span><span style=\"font-size: 14.4px\">V; <\/span>Putere: 0,25 <span style=\"font-size: 14.4px\">kW; <\/span>Dimensiuni: 530x550x650 <span style=\"font-size: 14.4px\">mm; <\/span>Greutate, 41 <span style=\"font-size: 14.4px\">kg.<\/span><\/p>\n","protected":false},"featured_media":2080,"template":"","meta":[],"_links":{"self":[{"href":"https:\/\/evotek.md\/ro\/wp-json\/wp\/v2\/product\/2091"}],"collection":[{"href":"https:\/\/evotek.md\/ro\/wp-json\/wp\/v2\/product"}],"about":[{"href":"https:\/\/evotek.md\/ro\/wp-json\/wp\/v2\/types\/product"}],"wp:featuredmedia":[{"embeddable":true,"href":"https:\/\/evotek.md\/ro\/wp-json\/wp\/v2\/media\/2080"}],"wp:attachment":[{"href":"https:\/\/evotek.md\/ro\/wp-json\/wp\/v2\/media?parent=2091"}],"curies":[{"name":"wp","href":"https:\/\/api.w.org\/{rel}","templated":true}]}}