{"id":2069,"date":"2020-02-17T15:22:57","date_gmt":"2020-02-17T15:37:20","guid":{"rendered":"https:\/\/evotek.md\/?post_type=product&#038;p=2069"},"modified":"2025-02-10T13:05:01","modified_gmt":"2025-02-10T13:05:01","slug":"masina-de-intins-aluat-empero-emp-ha-01","status":"publish","type":"product","link":"https:\/\/evotek.md\/ro\/produse\/echipamente-electromecanice\/masina-pentru-indindere-aluat\/masina-de-intins-aluat-empero-emp-ha-01\/","title":{"rendered":"MASINA DE INTINS ALUAT 2 RULOURI 40 cm -EMP.HA.01"},"content":{"rendered":"<p><strong>MASINA DE INTINS ALUAT 2 RULOURI 40 cm -EMP.HA.01-<\/strong> este conceput\u0103 pentru \u00eentinderea aluatului pentru pizza, produse de panifica\u021bie, pl\u0103cinte etc.<\/p>\n<p>Pentru formarea blatului de pizza se folosesc Ma\u0219ini de turat aluat cu dou\u0103 role. Unul din role ruleaz\u0103 bucata de aluat \u00eentr-o form\u0103 de elips\u0103. Apoi blatul cade pe echilibrator \u0219i intr\u0103 \u00een a doua pereche de rulouri, care o \u00eentinde mai fin p\u00e2n\u0103 la o form\u0103 rotund\u0103. Pute\u021bi ajusta grosimea aluatului at\u00e2t pentru prima, c\u00e2t \u0219i pentru a doua trecere a aluatului. Principalul avantaj al form\u0103rii aluatului folosind masina cu doua perechi de role v\u0103 permite s\u0103 ob\u021bine\u021bi o structur\u0103 fin\u0103 a blatului.<\/p>\n<p>Produc\u0103tor Empero<\/p>\n<p>Conectare electric\u0103<\/p>\n<p>Distan\u021ba dintre role este de p\u00e2n\u0103 la 5 mm.<\/p>\n<p>Num\u0103rul de role 2 perechi<\/p>\n<p>Destinat pentru paste, pentru pizza, pentru produse de patiserie<\/p>\n<p>Lungimea rulourilor, mm 400<\/p>\n<p>Tensiune, V 220<\/p>\n<p>Putere, kW 0,25<\/p>\n<p>Dimensiuni (L \/ W \/ H), mm. 530x550x650<\/p>\n<p>Greutate, kg 41<\/p>\n","protected":false},"excerpt":{"rendered":"<p>Masina de de \u00eentins aluat electrica cu doua rulouri pentru aluat pizza, produse de patiserie, foi de pl\u0103cinte, gogo\u0219i \u0219.a. cu o latime de rulare de 400 mm. Tensiune: 220 V. Putere: 0,25 kW.<\/p>\n","protected":false},"featured_media":2065,"template":"","meta":[],"_links":{"self":[{"href":"https:\/\/evotek.md\/ro\/wp-json\/wp\/v2\/product\/2069"}],"collection":[{"href":"https:\/\/evotek.md\/ro\/wp-json\/wp\/v2\/product"}],"about":[{"href":"https:\/\/evotek.md\/ro\/wp-json\/wp\/v2\/types\/product"}],"wp:featuredmedia":[{"embeddable":true,"href":"https:\/\/evotek.md\/ro\/wp-json\/wp\/v2\/media\/2065"}],"wp:attachment":[{"href":"https:\/\/evotek.md\/ro\/wp-json\/wp\/v2\/media?parent=2069"}],"curies":[{"name":"wp","href":"https:\/\/api.w.org\/{rel}","templated":true}]}}