{"id":20638,"date":"2021-01-29T09:52:06","date_gmt":"2021-01-29T09:52:06","guid":{"rendered":"https:\/\/evotek.md\/?post_type=product&#038;p=20638"},"modified":"2021-01-29T09:52:06","modified_gmt":"2021-01-29T09:52:06","slug":"dulap-frigorific-hkn-a1520tnv","status":"publish","type":"product","link":"https:\/\/evotek.md\/ro\/produse\/echipamente-frigorifice\/dulapuri-frigorifice\/dulap-frigorific-hkn-a1520tnv\/","title":{"rendered":"DULAP FRIGORIFIC -HKN-A1520TNV"},"content":{"rendered":"<p><strong>DULAP FRIGORIFIC<\/strong> &#8211;<strong>HKN-<\/strong><strong>A1520TNV<\/strong><strong>&#8211; <\/strong>conceput pentru depozitarea produselor alimentare \u0219i semifabricate. Designul, ergonomia, respectarea mediului \u0219i economia sunt calit\u0103\u021bile care disting linia actualizat\u0103. O multitudine de modific\u0103ri \u0219i op\u021biuni, metalice, din sticl\u0103, u\u0219ile batante \u0219i u\u0219ile glisante permit utilizarea la fel de eficient\u0103 a dulapurilor at\u00e2t \u00een \u200b\u200bzonele de v\u00e2nzare, c\u00e2t \u0219i \u00een unit\u0103\u021bile de alimenta\u021bie public\u0103.<\/p>\n<p>Caracteristici<\/p>\n<p>Intervalul de temperatur\u0103: 0&#8230;+8 \u00b0\u0421<\/p>\n<p>Parametri: 1600x825x1980 mm<\/p>\n<p>Iluminare din spate: economie de energie, LED<\/p>\n<p>Putere: 0,69 kW<\/p>\n<p>Greutate net\u0103: 243 kg<\/p>\n<p>Unghiul de deschidere a u\u0219ii peste: 180<\/p>\n<p>Sarcin\u0103 static\u0103 pe raft: 60 kg<\/p>\n<p>&nbsp;<\/p>\n<p>&nbsp;<\/p>\n<p>&nbsp;<\/p>\n","protected":false},"excerpt":{"rendered":"<p>Dulap frigorific. Intervalul de temperatur\u0103: 0&#8230;+8 \u00b0\u0421; Parametri: 1600x825x1980 mm; Iluminare din spate: economie de energie, LED; Putere: 0,69 kW; Greutate net\u0103: 243 kg; Unghiul de deschidere a u\u0219ii peste: 180; Sarcin\u0103 static\u0103 pe raft: 60 kg.<\/p>\n","protected":false},"featured_media":20580,"template":"","meta":[],"_links":{"self":[{"href":"https:\/\/evotek.md\/ro\/wp-json\/wp\/v2\/product\/20638"}],"collection":[{"href":"https:\/\/evotek.md\/ro\/wp-json\/wp\/v2\/product"}],"about":[{"href":"https:\/\/evotek.md\/ro\/wp-json\/wp\/v2\/types\/product"}],"wp:featuredmedia":[{"embeddable":true,"href":"https:\/\/evotek.md\/ro\/wp-json\/wp\/v2\/media\/20580"}],"wp:attachment":[{"href":"https:\/\/evotek.md\/ro\/wp-json\/wp\/v2\/media?parent=20638"}],"curies":[{"name":"wp","href":"https:\/\/api.w.org\/{rel}","templated":true}]}}