{"id":20459,"date":"2021-01-27T15:47:55","date_gmt":"2021-01-27T15:47:55","guid":{"rendered":"https:\/\/evotek.md\/?post_type=product&#038;p=20459"},"modified":"2021-01-27T15:47:55","modified_gmt":"2021-01-27T15:47:55","slug":"carucior-pentru-servire-3-nivele-m-09300546","status":"publish","type":"product","link":"https:\/\/evotek.md\/ro\/produse\/mobila-din-inox\/carucioare-pentru-transportare-si-depozitare\/carucior-pentru-servire-3-nivele-m-09300546\/","title":{"rendered":"C\u0102RUCIOR PENTRU SERVIRE 3 NIVELE -M-09300546"},"content":{"rendered":"<p><strong>C\u0102RUCIOR PENTRU SERVIRE <\/strong><strong>3 NIVELE &#8211;<\/strong><strong>M-09300546<\/strong><strong>&#8211; <\/strong>C\u0103rucior de servire din inox rezistent, u\u0219or de asamblat \u0219i de cur\u0103\u021bat. Fiecare suprafa\u021b\u0103 poate transporta p\u00e2n\u0103 la 40 kg. C\u0103ruciorul de service are 4 ro\u021bi, toate cu fr\u00e2ne. Acest c\u0103rucior este o necesitate pentru orice organiza\u021bie din alimenta\u021bia public\u0103. Facilit\u0103\u021bi: C\u0103rucior de servire fiabil; Dotat cu 3 suprafe\u021be din inox; Suprafe\u021bele de lucru au margini curbate; Col\u021burile sunt sudate \u0219i lustruite.<\/p>\n<p>Caracteristici<\/p>\n<p>Dimensiuni: 950x510x940 mm<\/p>\n<p>Capacitatea: 40 kg pentru o suprafa\u021b\u0103<\/p>\n<p>Capacitate total\u0103: 120 kg<\/p>\n<p>\u021aevi cu diametrul de 20 mm<\/p>\n<p>Distan\u021ba dintre suprafe\u021be: 285 mm<\/p>\n<p>Greutate net\u0103: 15 kg<\/p>\n<p>&nbsp;<\/p>\n","protected":false},"excerpt":{"rendered":"<p>C\u0103rucior pentru servire cu 3 nivele. Dimensiuni: 950x510x940 mm; Capacitatea: 40 kg pentru o suprafa\u021b\u0103; Capacitate total\u0103: 120 kg; \u021aevi cu diametrul de 20 mm; Distan\u021ba dintre suprafe\u021be: 285 mm; Greutate net\u0103: 15 kg.<\/p>\n","protected":false},"featured_media":20450,"template":"","meta":[],"_links":{"self":[{"href":"https:\/\/evotek.md\/ro\/wp-json\/wp\/v2\/product\/20459"}],"collection":[{"href":"https:\/\/evotek.md\/ro\/wp-json\/wp\/v2\/product"}],"about":[{"href":"https:\/\/evotek.md\/ro\/wp-json\/wp\/v2\/types\/product"}],"wp:featuredmedia":[{"embeddable":true,"href":"https:\/\/evotek.md\/ro\/wp-json\/wp\/v2\/media\/20450"}],"wp:attachment":[{"href":"https:\/\/evotek.md\/ro\/wp-json\/wp\/v2\/media?parent=20459"}],"curies":[{"name":"wp","href":"https:\/\/api.w.org\/{rel}","templated":true}]}}