{"id":2045,"date":"2020-02-17T14:49:44","date_gmt":"2020-02-17T14:49:44","guid":{"rendered":"https:\/\/evotek.md\/?post_type=product&#038;p=2045"},"modified":"2021-06-18T13:11:52","modified_gmt":"2021-06-18T13:11:52","slug":"cuptor-cu-abur-mec-pe-66-dsvr","status":"publish","type":"product","link":"https:\/\/evotek.md\/ro\/produse\/echipamente-termice\/cuptoare-cu-abur-2-teplovoe-oborudovanie\/cuptor-cu-abur-mec-pe-66-dsvr\/","title":{"rendered":"CUPTOR CU ABUR, 6 NIVELE &#8211; MEC PE 66 DSVR"},"content":{"rendered":"<p><strong>CUPTOR CU ABUR, 6 NIVELE &#8211; MEC PE 66 DSVR &#8211; \u00a0<\/strong>Este destinat pentru g\u0103tirea diverselor feluri de m\u00e2ncare prin prelucrarea cu aburi \u0219i cu aer cald, la \u00eentreprinderile de alimenta\u021bie public\u0103 \u0219i comer\u021b. Modelul este echipat cu motoare cu un invertor automat al ventilatorului \u0219i o u\u0219\u0103 cu geam cu emisie redus\u0103, sigiliu \u0219i lateral. Carcasa \u0219i detaliile echipamentului sunt realizate din inox.<\/p>\n<p>&#8211; Pute\u021bi controla cuptorul folosind inovatorul panou de control digital, care are 99 de programe, cu 3 faze de g\u0103tit pentru fiecare program; Pre\u00eenc\u0103lzirea; Reglarea fluxului de aer direct; Umidificare cu abur; 2 ventilatoare cu 6 viteze; Cronometru de la 0 la 120 minute; Iluminat interior cu l\u0103mpi cu halogen; Camera cu col\u021burile rotunjite pentru o cur\u0103\u021bare u\u0219oar\u0103.<\/p>\n<p><strong>*Pentru a beneficia de garan\u021bie este obligatoriu de a fi instalat filtru DVA pentru acest echipament.<\/strong><\/p>\n<p>Caracteristici<\/p>\n<p>Parametri: 920x840x865 mm<\/p>\n<p>Tip de recipient: foi de copt 600&#215;400, GN 1\/1<\/p>\n<p>Dimensiunea recipientului (extern \/ intern): 530&#215;325 \/ 500&#215;300 mm<\/p>\n<p>Conexiune: 380 V<\/p>\n<p>Num\u0103r de nivele: 6<\/p>\n<p>Distan\u021ba dintre niveluri: 80 mm<\/p>\n<p>Panou de control: electronic<\/p>\n<p>Stare de temperatur\u0103: de la 30 la 260 \u00b0 \u0421<\/p>\n<p>Greutate: 117 kg<\/p>\n","protected":false},"excerpt":{"rendered":"<p>Cuptor cu abur, cu 6 nivele. Parametri: 920x840x865 mm; Tip de recipient: tave 600&#215;400, GN 1\/1; Dimensiunea tavelor (extern \/ intern): 530&#215;325 \/ 500&#215;300 mm; Conexiune: 380 V; Num\u0103r de nivele: 6; Distan\u021ba dintre niveluri: 80 mm; Panou de control: electronic; Stare de temperatur\u0103: de la 30 la 260 \u00b0\u0421.<\/p>\n<p><strong>*T\u0103vile GN \u0219i t\u0103vile pentru patiserie nu sunt incluse \u00een set.<\/strong><br \/>\n<strong>*Recomand\u0103m instalarea adi\u021bional\u0103 a unui filtru DVA pentru o bun\u0103 func\u021bionare a cuptorului.<\/strong><\/p>\n","protected":false},"featured_media":2044,"template":"","meta":[],"_links":{"self":[{"href":"https:\/\/evotek.md\/ro\/wp-json\/wp\/v2\/product\/2045"}],"collection":[{"href":"https:\/\/evotek.md\/ro\/wp-json\/wp\/v2\/product"}],"about":[{"href":"https:\/\/evotek.md\/ro\/wp-json\/wp\/v2\/types\/product"}],"wp:featuredmedia":[{"embeddable":true,"href":"https:\/\/evotek.md\/ro\/wp-json\/wp\/v2\/media\/2044"}],"wp:attachment":[{"href":"https:\/\/evotek.md\/ro\/wp-json\/wp\/v2\/media?parent=2045"}],"curies":[{"name":"wp","href":"https:\/\/api.w.org\/{rel}","templated":true}]}}