{"id":20416,"date":"2021-01-27T14:49:44","date_gmt":"2021-01-27T14:51:54","guid":{"rendered":"https:\/\/evotek.md\/?post_type=product&#038;p=20416"},"modified":"2023-02-27T15:24:48","modified_gmt":"2023-02-27T15:24:48","slug":"vitrina-calda-din-inox-4x-1-2-gn-m-09400751","status":"publish","type":"product","link":"https:\/\/evotek.md\/ro\/produse\/echipamente-termice\/vitrine-calde\/vitrina-calda-din-inox-4x-1-2-gn-m-09400751\/","title":{"rendered":"VITRINA CALDA, 2 NIVELE, GN1\/2 x4 -M-09400751"},"content":{"rendered":"<p><strong>VITRINA CALDA, 2 NIVELE, GN1\/2 x4 -M-09400751-<\/strong> Vitrin\u0103 cald\u0103 din inox pentru depozitarea sandvi\u0219urilor sau gust\u0103rilor fierbin\u021bi. Este echipat\u0103 cu sticl\u0103 \u00een p\u0103r\u021bi laterale \u0219i deasupra pentru igien\u0103.<\/p>\n<p>Num\u0103r de nivele: 2<\/p>\n<p>Potrivit pentru containere: 4x 1\/2 GN<\/p>\n<p>Iluminare \u00een interior<\/p>\n<p>Sticl\u0103 deasupra pentru igien\u0103<\/p>\n<p>Senzor digital de control \u0219i control<\/p>\n<p>Temperatura: + 30 \u00b0 p\u00e2n\u0103 la + 90 \u00b0 C<\/p>\n<p>Greutate: 26 kg<\/p>\n<p>Dimensiuni: 630x470x650 mm<\/p>\n<p>Conexiune: 230 V \/ 50 Hz \/ 1 faz\u0103 560 W<\/p>\n<p>&nbsp;<\/p>\n","protected":false},"excerpt":{"rendered":"<p>Vitrin\u0103 cald\u0103 din inox, deschis\u0103 \u00een fa\u021b\u0103, cu sticl\u0103 deasupra, 4x 1\/2 GN. Num\u0103r de nivele: 2; Potrivit pentru containere: 4x 1\/2 GN; Iluminare \u00een interior; Sticl\u0103 deasupra pentru igien\u0103; Senzor digital de control \u0219i control; Temperatura: + 30 \u00b0 p\u00e2n\u0103 la + 90 \u00b0 C; Greutate: 26 kg; Dimensiuni: 630x470x650 mm; Conexiune: 230 V \/ 50 Hz \/ 1 faz\u0103 560 W.<\/p>\n","protected":false},"featured_media":20403,"template":"","meta":[],"_links":{"self":[{"href":"https:\/\/evotek.md\/ro\/wp-json\/wp\/v2\/product\/20416"}],"collection":[{"href":"https:\/\/evotek.md\/ro\/wp-json\/wp\/v2\/product"}],"about":[{"href":"https:\/\/evotek.md\/ro\/wp-json\/wp\/v2\/types\/product"}],"wp:featuredmedia":[{"embeddable":true,"href":"https:\/\/evotek.md\/ro\/wp-json\/wp\/v2\/media\/20403"}],"wp:attachment":[{"href":"https:\/\/evotek.md\/ro\/wp-json\/wp\/v2\/media?parent=20416"}],"curies":[{"name":"wp","href":"https:\/\/api.w.org\/{rel}","templated":true}]}}