{"id":20382,"date":"2021-01-27T14:23:43","date_gmt":"2021-01-27T14:24:18","guid":{"rendered":"https:\/\/evotek.md\/?post_type=product&#038;p=20382"},"modified":"2023-02-27T15:18:33","modified_gmt":"2023-02-27T15:18:33","slug":"vitrina-calda-din-inox-160-l-m-09400851","status":"publish","type":"product","link":"https:\/\/evotek.md\/ro\/produse\/echipamente-termice\/vitrine-calde\/vitrina-calda-din-inox-160-l-m-09400851\/","title":{"rendered":"VITRINA CALDA, 160 LITRI -M-09400851"},"content":{"rendered":"<p><strong>VITRINA CALDA, 160 LITRI -M-09400851-<\/strong> Vitrin\u0103 cald\u0103 din inox pentru depozitarea sandvi\u0219urilor sau gust\u0103rilor fierbin\u021bi. Este echipat\u0103 cu ferestre de sticl\u0103 pe toate patru laturi.<\/p>\n<p>Num\u0103r de nivele: 3 \u2013 160 l<\/p>\n<p>Echipat cu 3 rafturi reglabile (crom)<\/p>\n<p>Element de \u00eenc\u0103lzire puternic<\/p>\n<p>Control al temperaturii: 30-90 C<\/p>\n<p>Greutate net\u0103: 56 kg<\/p>\n<p>Dimensiuni interioare: 838x495x430 mm<\/p>\n<p>Dimensiuni: 856x568x670 mm<\/p>\n<p>Conexiune: 230 V \/ 50 Hz \/ 1 faz\u0103 1500 W<\/p>\n<p>&nbsp;<\/p>\n","protected":false},"excerpt":{"rendered":"<p>Vitrin\u0103 cald\u0103 din inox 160 l. Num\u0103r de nivele: 3 \u2013 160 l; Echipat cu 3 rafturi reglabile (crom); Element de \u00eenc\u0103lzire puternic; Control al temperaturii: 30-90 C; Greutate net\u0103: 56 kg; Dimensiuni interioare: 838x495x430 mm; Dimensiuni: 856x568x670 mm; Conexiune: 230 V \/ 50 Hz \/ 1 faz\u0103 1500 W.<\/p>\n","protected":false},"featured_media":20373,"template":"","meta":[],"_links":{"self":[{"href":"https:\/\/evotek.md\/ro\/wp-json\/wp\/v2\/product\/20382"}],"collection":[{"href":"https:\/\/evotek.md\/ro\/wp-json\/wp\/v2\/product"}],"about":[{"href":"https:\/\/evotek.md\/ro\/wp-json\/wp\/v2\/types\/product"}],"wp:featuredmedia":[{"embeddable":true,"href":"https:\/\/evotek.md\/ro\/wp-json\/wp\/v2\/media\/20373"}],"wp:attachment":[{"href":"https:\/\/evotek.md\/ro\/wp-json\/wp\/v2\/media?parent=20382"}],"curies":[{"name":"wp","href":"https:\/\/api.w.org\/{rel}","templated":true}]}}