{"id":20369,"date":"2021-01-27T14:15:38","date_gmt":"2021-01-27T14:16:13","guid":{"rendered":"https:\/\/evotek.md\/?post_type=product&#038;p=20369"},"modified":"2023-02-27T15:17:36","modified_gmt":"2023-02-27T15:17:36","slug":"vitrina-calda-din-inox-120-l-m-09400846","status":"publish","type":"product","link":"https:\/\/evotek.md\/ro\/produse\/echipamente-termice\/vitrine-calde\/vitrina-calda-din-inox-120-l-m-09400846\/","title":{"rendered":"VITRINA CALDA, 120 LITRI -M-09400846"},"content":{"rendered":"<p><strong>VITRINA CALDA, 120 LITRI -M-09400846-<\/strong> Vitrin\u0103 cald\u0103 din inox pentru depozitarea sandvi\u0219urilor sau gust\u0103rilor fierbin\u021bi. Este echipat\u0103 cu ferestre de sticl\u0103 pe patru laturi.<\/p>\n<p>Caracteristici<br \/>\nVitrina incalzita Deluxe 120 l<br \/>\nPerfect pentru sandvi\u0219uri calde, aperitive \u0219i gust\u0103ri<br \/>\nConstruc\u021bie din o\u021bel inoxidabil, finisaj cromat<br \/>\nFereastr\u0103 frumoas\u0103 din sticl\u0103 curbat\u0103 \u00een fa\u021b\u0103<br \/>\nU\u0219i glisante \u00een spate<br \/>\nGeamuri de sticl\u0103 pe patru laturi<br \/>\nEchipat cu 3 rafturi reglabile (crom)<br \/>\nElement de \u00eenc\u0103lzire puternic<br \/>\nDistribu\u021bie eficient\u0103 a c\u0103ldurii<br \/>\nEchipat cu rezervor pentru umidificare.<br \/>\nIluminare LED convenabil\u0103 \u00een interior<br \/>\nButon analog pentru temperatur\u0103<br \/>\nControl fluid al temperaturii 30-90 C<br \/>\nCu iluminare de fundal pentru controlul temperaturii<br \/>\nAfi\u0219ajul temperaturii pe panoul frontal<br \/>\nUsor de curatat<br \/>\ncu picioarele fixe<br \/>\nGreutate neta: 48 kg<br \/>\nDimensiuni: L678xA568x\u00ce670 mm<br \/>\n230V\/50Hz\/1 faza 1100W<\/p>\n<p>&nbsp;<\/p>\n<p>&nbsp;<\/p>\n<p>&nbsp;<\/p>\n","protected":false},"excerpt":{"rendered":"<p>Vitrin\u0103 cald\u0103 din inox 120 l. Num\u0103r de nivele: 3 \u2013 120 l; Echipat cu 3 rafturi reglabile (crom); Element de \u00eenc\u0103lzire puternic; Control al temperaturii: 30-90 C; Greutate net\u0103: 48 kg; Dimensiuni interioare: 660x495x430 mm; Dimensiuni: 678x568x670 mm; Conexiune: 230 V \/ 50 Hz \/ 1 faz\u0103 1100 W.<\/p>\n","protected":false},"featured_media":20360,"template":"","meta":[],"_links":{"self":[{"href":"https:\/\/evotek.md\/ro\/wp-json\/wp\/v2\/product\/20369"}],"collection":[{"href":"https:\/\/evotek.md\/ro\/wp-json\/wp\/v2\/product"}],"about":[{"href":"https:\/\/evotek.md\/ro\/wp-json\/wp\/v2\/types\/product"}],"wp:featuredmedia":[{"embeddable":true,"href":"https:\/\/evotek.md\/ro\/wp-json\/wp\/v2\/media\/20360"}],"wp:attachment":[{"href":"https:\/\/evotek.md\/ro\/wp-json\/wp\/v2\/media?parent=20369"}],"curies":[{"name":"wp","href":"https:\/\/api.w.org\/{rel}","templated":true}]}}