{"id":20356,"date":"2021-01-27T14:04:52","date_gmt":"2021-01-27T14:05:42","guid":{"rendered":"https:\/\/evotek.md\/?post_type=product&#038;p=20356"},"modified":"2023-02-27T15:20:42","modified_gmt":"2023-02-27T15:20:42","slug":"vitrina-calda-din-inox-186-l-m-09400795","status":"publish","type":"product","link":"https:\/\/evotek.md\/ro\/produse\/echipamente-termice\/vitrine-calde\/vitrina-calda-din-inox-186-l-m-09400795\/","title":{"rendered":"VITRINA CALDA, 186 LITRI -M-09400795"},"content":{"rendered":"<p><strong>VITRINA CALDA, 186 LITRI -M-09400795-<\/strong> Vitrin\u0103 cald\u0103 din inox pentru depozitarea sandvi\u0219urilor sau gust\u0103rilor fierbin\u021bi. Este echipat\u0103 cu ferestre de sticl\u0103 pe patru laturi.<\/p>\n<p>Num\u0103r de nivele: 3 \u2013 186 l<\/p>\n<p>Echipat cu 3 rafturi reglabile (crom)<\/p>\n<p>Element de \u00eenc\u0103lzire puternic<\/p>\n<p>Control al temperaturii: 30-90 C<\/p>\n<p>Greutate net\u0103: 53,5 kg<\/p>\n<p>Dimensiuni interioare: 1138x416x406 mm<\/p>\n<p>Dimensiuni: 1215x484x662 mm<\/p>\n<p>Conexiune: 230 V \/ 50 Hz \/ 1 faz\u0103 1800 W<\/p>\n<p>&nbsp;<\/p>\n","protected":false},"excerpt":{"rendered":"<p>Vitrin\u0103 cald\u0103 din inox 186 l. Num\u0103r de nivele: 3 \u2013 186 l; Echipat cu 3 rafturi reglabile (crom); Element de \u00eenc\u0103lzire puternic; Control al temperaturii: 30-90 C; Greutate net\u0103: 53,5 kg; Dimensiuni interioare: 1138x416x406 mm; Dimensiuni: 1215x484x662 mm; Conexiune: 230 V \/ 50 Hz \/ 1 faz\u0103 1800 W.<\/p>\n","protected":false},"featured_media":20347,"template":"","meta":[],"_links":{"self":[{"href":"https:\/\/evotek.md\/ro\/wp-json\/wp\/v2\/product\/20356"}],"collection":[{"href":"https:\/\/evotek.md\/ro\/wp-json\/wp\/v2\/product"}],"about":[{"href":"https:\/\/evotek.md\/ro\/wp-json\/wp\/v2\/types\/product"}],"wp:featuredmedia":[{"embeddable":true,"href":"https:\/\/evotek.md\/ro\/wp-json\/wp\/v2\/media\/20347"}],"wp:attachment":[{"href":"https:\/\/evotek.md\/ro\/wp-json\/wp\/v2\/media?parent=20356"}],"curies":[{"name":"wp","href":"https:\/\/api.w.org\/{rel}","templated":true}]}}