{"id":20331,"date":"2021-01-27T13:40:25","date_gmt":"2021-01-27T13:41:08","guid":{"rendered":"https:\/\/evotek.md\/?post_type=product&#038;p=20331"},"modified":"2023-02-27T15:27:51","modified_gmt":"2023-02-27T15:27:51","slug":"vitrina-calda-din-inox-96-l-m-09400785","status":"publish","type":"product","link":"https:\/\/evotek.md\/ro\/produse\/echipamente-termice\/vitrine-calde\/vitrina-calda-din-inox-96-l-m-09400785\/","title":{"rendered":"VITRINA CALDA, 96 LITRI -M-09400785"},"content":{"rendered":"<p><strong>VITRINA CALDA, 96 LITRI -M-09400785-<\/strong> Vitrin\u0103 cald\u0103 din inox pentru depozitarea sandvi\u0219urilor sau gust\u0103rilor fierbin\u021bi. Este echipat\u0103 cu sticl\u0103 din toate patru laturi.<\/p>\n<p>Num\u0103r de nivele: 3 &#8211; 70 cm, 96 l<\/p>\n<p>Echipat cu 3 rafturi fixe (crom)<\/p>\n<p>Element de \u00eenc\u0103lzire puternic<\/p>\n<p>Control al temperaturii: 30-90 C<\/p>\n<p>Greutate net\u0103: 33,5 kg<\/p>\n<p>Dimensiuni interioare: 598x416x406 mm<\/p>\n<p>Dimensiuni: 675x484x662 mm<\/p>\n<p>Conexiune: 230 V \/ 50 Hz \/ 1 faz\u0103 1000 W<\/p>\n<p>&nbsp;<\/p>\n<p>&nbsp;<\/p>\n<p>&nbsp;<\/p>\n<p>&nbsp;<\/p>\n","protected":false},"excerpt":{"rendered":"<p>Vitrin\u0103 cald\u0103 din inox 96 l. Num\u0103r de nivele: 3 &#8211; 70 cm, 96 l; Echipat cu 3 rafturi fixe (crom); Element de \u00eenc\u0103lzire puternic; Control al temperaturii: 30-90 C; Greutate net\u0103: 33,5 kg; Dimensiuni interioare: 598x416x406 mm; Dimensiuni: 675x484x662 mm; Conexiune: 230 V \/ 50 Hz \/ 1 faz\u0103 1000 W.<\/p>\n","protected":false},"featured_media":20324,"template":"","meta":[],"_links":{"self":[{"href":"https:\/\/evotek.md\/ro\/wp-json\/wp\/v2\/product\/20331"}],"collection":[{"href":"https:\/\/evotek.md\/ro\/wp-json\/wp\/v2\/product"}],"about":[{"href":"https:\/\/evotek.md\/ro\/wp-json\/wp\/v2\/types\/product"}],"wp:featuredmedia":[{"embeddable":true,"href":"https:\/\/evotek.md\/ro\/wp-json\/wp\/v2\/media\/20324"}],"wp:attachment":[{"href":"https:\/\/evotek.md\/ro\/wp-json\/wp\/v2\/media?parent=20331"}],"curies":[{"name":"wp","href":"https:\/\/api.w.org\/{rel}","templated":true}]}}