{"id":20320,"date":"2021-01-27T13:31:04","date_gmt":"2021-01-27T13:31:41","guid":{"rendered":"https:\/\/evotek.md\/?post_type=product&#038;p=20320"},"modified":"2023-02-27T15:12:38","modified_gmt":"2023-02-27T15:12:38","slug":"vitrina-calda-din-inox-115-l-m-09400788","status":"publish","type":"product","link":"https:\/\/evotek.md\/ro\/produse\/echipamente-termice\/vitrine-calde\/vitrina-calda-din-inox-115-l-m-09400788\/","title":{"rendered":"VITRINA CALDA, 115 LITRI -M-09400788"},"content":{"rendered":"<p><strong>VITRINA CALDA, 115 LITRI -M-09400788-<\/strong> Vitrin\u0103 cald\u0103 din inox pentru depozitarea sandvi\u0219urilor sau gust\u0103rilor fierbin\u021bi. Este echipat\u0103 cu sticl\u0103 dreapt\u0103 \u00een fa\u021b\u0103, \u0219i u\u0219\u0103 \u00een spate.<\/p>\n<p>Caracteristici<br \/>\nVitrina profesionala calda &#8211; 3 nivele &#8211; 70 cm &#8211; 115 l<br \/>\nPerfect pentru sandvi\u0219uri calde, aperitive \u0219i gust\u0103ri<br \/>\nConstruc\u021bie din o\u021bel inoxidabil, finisaj cromat<br \/>\nDesign din sticl\u0103 p\u0103trat\u0103 George<br \/>\nUsi batante fata si spate<br \/>\nGeamuri de sticl\u0103 pe patru laturi<br \/>\nEchipat cu 3 rafturi fixe (crom)<br \/>\nElement de \u00eenc\u0103lzire puternic<br \/>\nDistribu\u021bie eficient\u0103 a c\u0103ldurii<br \/>\nEchipat cu rezervor pentru umidificare.<br \/>\nIluminare LED convenabil\u0103 \u00een interior<br \/>\nButon analog pentru temperatur\u0103<br \/>\nControl fluid al temperaturii 30-90 C<br \/>\nCu iluminare de fundal pentru controlul temperaturii<br \/>\nUsor de curatat<br \/>\ncu picioarele fixe<br \/>\nGreutate neta: 20 kg<br \/>\nDimensiuni: L700xA400x\u00ce500 mm<br \/>\n230V\/50Hz\/1 faza 800W<\/p>\n<p>&nbsp;<\/p>\n<p>&nbsp;<\/p>\n<p>&nbsp;<\/p>\n<p>&nbsp;<\/p>\n","protected":false},"excerpt":{"rendered":"<p>Vitrin\u0103 cald\u0103 din inox 115 l. Num\u0103r de nivele: 3 nivel &#8211; 70 cm, 115 l; Echipat cu 3 rafturi fixe (crom); Element de \u00eenc\u0103lzire puternic; Control al temperaturii: 30-90 C; Greutate net\u0103: 20 kg; Dimensiuni interioare: 656x350x379 mm; Dimensiuni: 700x400x500 mm; Conexiune: 230 V \/ 50 Hz \/ 1 faz\u0103 800 W.<\/p>\n","protected":false},"featured_media":20311,"template":"","meta":[],"_links":{"self":[{"href":"https:\/\/evotek.md\/ro\/wp-json\/wp\/v2\/product\/20320"}],"collection":[{"href":"https:\/\/evotek.md\/ro\/wp-json\/wp\/v2\/product"}],"about":[{"href":"https:\/\/evotek.md\/ro\/wp-json\/wp\/v2\/types\/product"}],"wp:featuredmedia":[{"embeddable":true,"href":"https:\/\/evotek.md\/ro\/wp-json\/wp\/v2\/media\/20311"}],"wp:attachment":[{"href":"https:\/\/evotek.md\/ro\/wp-json\/wp\/v2\/media?parent=20320"}],"curies":[{"name":"wp","href":"https:\/\/api.w.org\/{rel}","templated":true}]}}