{"id":20307,"date":"2021-01-27T13:22:17","date_gmt":"2021-01-27T13:23:07","guid":{"rendered":"https:\/\/evotek.md\/?post_type=product&#038;p=20307"},"modified":"2023-02-27T15:27:16","modified_gmt":"2023-02-27T15:27:16","slug":"vitrina-calda-din-inox-50-l-m-09400780","status":"publish","type":"product","link":"https:\/\/evotek.md\/ro\/produse\/echipamente-termice\/vitrine-calde\/vitrina-calda-din-inox-50-l-m-09400780\/","title":{"rendered":"VITRINA CALDA, 50 LITRI -M-09400780"},"content":{"rendered":"<p><strong>VITRINA CALDA, 50 LITRI -M-09400780-<\/strong> Vitrin\u0103 cald\u0103 din inox pentru depozitarea sandvi\u0219urilor sau gust\u0103rilor fierbin\u021bi. Este echipat\u0103 cu sticl\u0103 dreapt\u0103 \u00een fa\u021b\u0103, \u0219i u\u0219\u0103 \u00een spate.<\/p>\n<p>Num\u0103r de nivele: 2 nivel &#8211; 55 cm, 50 l<\/p>\n<p>Echipat cu 2 rafturi fixe (crom)<\/p>\n<p>Element de \u00eenc\u0103lzire puternic<\/p>\n<p>Control al temperaturii: 30-90 C<\/p>\n<p>Greutate net\u0103: 14 kg<\/p>\n<p>Dimensiuni interioare: 544x351x250 mm<\/p>\n<p>Dimensiuni: 554x361x376 mm<\/p>\n<p>Conexiune: 230 V \/ 50 Hz \/ 1 faz\u0103 800 W<\/p>\n<p>&nbsp;<\/p>\n<p>&nbsp;<\/p>\n<p>&nbsp;<\/p>\n","protected":false},"excerpt":{"rendered":"<p>Vitrin\u0103 cald\u0103 din inox 50 l. Num\u0103r de nivele: 2 nivel &#8211; 55 cm, 50 l; Echipat cu 2 rafturi fixe (crom); Element de \u00eenc\u0103lzire puternic; Control al temperaturii: 30-90 C; Greutate net\u0103: 14 kg; Dimensiuni interioare: 544x351x250 mm; Dimensiuni: 554x361x376 mm; Conexiune: 230 V \/ 50 Hz \/ 1 faz\u0103 800 W.<\/p>\n","protected":false},"featured_media":20296,"template":"","meta":[],"_links":{"self":[{"href":"https:\/\/evotek.md\/ro\/wp-json\/wp\/v2\/product\/20307"}],"collection":[{"href":"https:\/\/evotek.md\/ro\/wp-json\/wp\/v2\/product"}],"about":[{"href":"https:\/\/evotek.md\/ro\/wp-json\/wp\/v2\/types\/product"}],"wp:featuredmedia":[{"embeddable":true,"href":"https:\/\/evotek.md\/ro\/wp-json\/wp\/v2\/media\/20296"}],"wp:attachment":[{"href":"https:\/\/evotek.md\/ro\/wp-json\/wp\/v2\/media?parent=20307"}],"curies":[{"name":"wp","href":"https:\/\/api.w.org\/{rel}","templated":true}]}}