{"id":20281,"date":"2021-01-27T13:04:54","date_gmt":"2021-01-27T13:05:32","guid":{"rendered":"https:\/\/evotek.md\/?post_type=product&#038;p=20281"},"modified":"2023-02-27T15:21:18","modified_gmt":"2023-02-27T15:21:18","slug":"vitrina-calda-din-inox-25-l-m-09400770","status":"publish","type":"product","link":"https:\/\/evotek.md\/ro\/produse\/echipamente-termice\/vitrine-calde\/vitrina-calda-din-inox-25-l-m-09400770\/","title":{"rendered":"VITRINA CALDA, 25 LITRI -M-09400770"},"content":{"rendered":"<p><strong>VITRINA CALDA, 25 LITRI -M-09400770-<\/strong> Vitrin\u0103 cald\u0103 din inox pentru depozitarea sandvi\u0219urilor sau gust\u0103rilor fierbin\u021bi. Este echipat\u0103 cu sticl\u0103 curbat\u0103 \u00een fa\u021b\u0103, \u0219i u\u0219\u0103 \u00een spate.<\/p>\n<p>Num\u0103r de nivele: 1 nivel &#8211; 55 cm, 25 l<\/p>\n<p>Echipat cu 1 raft fix (crom)<\/p>\n<p>Element de \u00eenc\u0103lzire puternic<\/p>\n<p>Control al temperaturii: 30-90 C<\/p>\n<p>Greutate net\u0103: 12,4 kg<\/p>\n<p>Dimensiuni interioare: 545x341x191 mm<\/p>\n<p>Dimensiuni: 554x376x311mm<\/p>\n<p>Conexiune: 230 V \/ 50 Hz \/ 1 faz\u0103 800 W<\/p>\n<p>&nbsp;<\/p>\n","protected":false},"excerpt":{"rendered":"<p>Vitrin\u0103 cald\u0103 din inox 25 l. Num\u0103r de nivele: 1 nivel &#8211; 55 cm, 25 l; Echipat cu 1 raft fix (crom); Element de \u00eenc\u0103lzire puternic; Control al temperaturii: 30-90 C; Greutate net\u0103: 12,4 kg; Dimensiuni interioare: 545x341x191 mm; Dimensiuni: 554x376x311mm; Conexiune: 230 V \/ 50 Hz \/ 1 faz\u0103 800 W.<\/p>\n","protected":false},"featured_media":20274,"template":"","meta":[],"_links":{"self":[{"href":"https:\/\/evotek.md\/ro\/wp-json\/wp\/v2\/product\/20281"}],"collection":[{"href":"https:\/\/evotek.md\/ro\/wp-json\/wp\/v2\/product"}],"about":[{"href":"https:\/\/evotek.md\/ro\/wp-json\/wp\/v2\/types\/product"}],"wp:featuredmedia":[{"embeddable":true,"href":"https:\/\/evotek.md\/ro\/wp-json\/wp\/v2\/media\/20274"}],"wp:attachment":[{"href":"https:\/\/evotek.md\/ro\/wp-json\/wp\/v2\/media?parent=20281"}],"curies":[{"name":"wp","href":"https:\/\/api.w.org\/{rel}","templated":true}]}}