{"id":20230,"date":"2021-01-27T11:47:00","date_gmt":"2021-01-27T11:47:44","guid":{"rendered":"https:\/\/evotek.md\/?post_type=product&#038;p=20230"},"modified":"2023-03-01T10:42:50","modified_gmt":"2023-03-01T10:42:50","slug":"friteuza-electrica-1%d1%8510-l-m-09391640","status":"publish","type":"product","link":"https:\/\/evotek.md\/ro\/produse\/echipamente-termice\/friteuze-3\/friteuza-electrica-1%d1%8510-l-m-09391640\/","title":{"rendered":"FRITEUZA ELECTRICA CU ROBINET, 10 LITRI -M-09391640"},"content":{"rendered":"<p><strong>FRITEUZA ELECTRICA CU ROBINET, 10 LITRI -M-09391640- <\/strong>Aceast\u0103 friteuz\u0103 comercial\u0103 este puternic\u0103 \u0219i u\u0219or de utilizat. Friteuza electric\u0103 este solu\u021bia perfect\u0103 pentru orice institu\u021bie de alimenta\u021bia public\u0103. Echipat\u0103 cu un robinet pentru scurgerea uleiului.<\/p>\n<p>Caracteristici<\/p>\n<p>Reglarea termostatic\u0103 a temperaturii uleiului p\u00e2n\u0103 la: 190 \u00b0 C<\/p>\n<p>Dimensiuni co\u0219: 210x230x100 mm<\/p>\n<p>Greutate: 14 kg<\/p>\n<p>Capacitate: 10 litri<\/p>\n<p>Parametri: 400x600x380 mm<\/p>\n<p>Putere: 6,0 kW<\/p>\n<p>Conexiune: 400 V \/ 50 Hz \/ 3 faze 6000 W<\/p>\n<p>&nbsp;<\/p>\n","protected":false},"excerpt":{"rendered":"<p>Friteuza electric\u0103 la 1\u044510 litri. Reglarea termostatic\u0103 a temperaturii uleiului p\u00e2n\u0103 la: 190 \u00b0 C; Dimensiuni co\u0219: 210x230x100 mm; Greutate: 14 kg; Capacitate: 10 litri; Parametri: 400x600x380 mm; Putere: 6,0 kW; Conexiune: 400 V \/ 50 Hz \/ 3 faze 6000 W.<\/p>\n","protected":false},"featured_media":20221,"template":"","meta":[],"_links":{"self":[{"href":"https:\/\/evotek.md\/ro\/wp-json\/wp\/v2\/product\/20230"}],"collection":[{"href":"https:\/\/evotek.md\/ro\/wp-json\/wp\/v2\/product"}],"about":[{"href":"https:\/\/evotek.md\/ro\/wp-json\/wp\/v2\/types\/product"}],"wp:featuredmedia":[{"embeddable":true,"href":"https:\/\/evotek.md\/ro\/wp-json\/wp\/v2\/media\/20221"}],"wp:attachment":[{"href":"https:\/\/evotek.md\/ro\/wp-json\/wp\/v2\/media?parent=20230"}],"curies":[{"name":"wp","href":"https:\/\/api.w.org\/{rel}","templated":true}]}}