{"id":20200,"date":"2021-01-27T11:20:48","date_gmt":"2021-01-27T11:21:24","guid":{"rendered":"https:\/\/evotek.md\/?post_type=product&#038;p=20200"},"modified":"2023-02-28T15:44:05","modified_gmt":"2023-02-28T15:44:05","slug":"friteuza-electrica-1%d1%8516-l-m-09365155","status":"publish","type":"product","link":"https:\/\/evotek.md\/ro\/produse\/echipamente-termice\/friteuze-3\/friteuza-electrica-1%d1%8516-l-m-09365155\/","title":{"rendered":"FRITEUZA ELECTRICA CU ROBINET SI DULAP, 16 LITRI -M-09365155"},"content":{"rendered":"<p><strong>FRITEUZA ELECTRICA CU ROBINET SI DULAP, 16 LITRI -M-09365155- <\/strong>Aceast\u0103 friteuz\u0103 profesional\u0103 are un finisaj luxos \u0219i piese de \u00eenalt\u0103 calitate. Friteuza este echipat\u0103 cu un robinet pentru ulei vegetal \u0219i este fabricat\u0103 din inox.<\/p>\n<p>Caracteristici<\/p>\n<p>Parametri: 360x530x910 mm<\/p>\n<p>Conexiune: 400 V \/ 50 Hz \/ 3 faze 5000 W<\/p>\n<p>Dimensiunea rezervorului: 295x325x200 mm<\/p>\n<p>Dimensiuni co\u0219: 235x255x120 mm<\/p>\n<p>Termostat reglabil: 50 \u00b0 C p\u00e2n\u0103 la 200 \u00b0 C<\/p>\n<p>Volumul min. de ulei: 1&#215;13,5 l<\/p>\n<p>Volumul max. de ulei: 1&#215;16 l<\/p>\n<p>Greutate: 16,5 kg<\/p>\n<p>&nbsp;<\/p>\n","protected":false},"excerpt":{"rendered":"<p>Friteuza electric\u0103 cu bufet la 1\u044516 litri. Parametri: 360x530x910 mm; Conexiune: 400 V \/ 50 Hz \/ 3 faze 5000 W; Dimensiunea rezervorului: 295x325x200 mm; Dimensiuni co\u0219: 235x255x120 mm; Termostat reglabil: 50 \u00b0 C p\u00e2n\u0103 la 200 \u00b0 C; Volumul min. de ulei: 1&#215;13,5 l; Volumul max. de ulei: 1&#215;16 l; Greutate: 16,5 kg.<\/p>\n","protected":false},"featured_media":20185,"template":"","meta":[],"_links":{"self":[{"href":"https:\/\/evotek.md\/ro\/wp-json\/wp\/v2\/product\/20200"}],"collection":[{"href":"https:\/\/evotek.md\/ro\/wp-json\/wp\/v2\/product"}],"about":[{"href":"https:\/\/evotek.md\/ro\/wp-json\/wp\/v2\/types\/product"}],"wp:featuredmedia":[{"embeddable":true,"href":"https:\/\/evotek.md\/ro\/wp-json\/wp\/v2\/media\/20185"}],"wp:attachment":[{"href":"https:\/\/evotek.md\/ro\/wp-json\/wp\/v2\/media?parent=20200"}],"curies":[{"name":"wp","href":"https:\/\/api.w.org\/{rel}","templated":true}]}}