{"id":20181,"date":"2021-01-27T11:03:10","date_gmt":"2021-01-27T11:04:03","guid":{"rendered":"https:\/\/evotek.md\/?post_type=product&#038;p=20181"},"modified":"2023-03-01T10:37:33","modified_gmt":"2023-03-01T10:37:33","slug":"friteuza-electrica-pentru-peste-1%d1%8530-l-m-09365021","status":"publish","type":"product","link":"https:\/\/evotek.md\/ro\/produse\/echipamente-termice\/friteuze-3\/friteuza-electrica-pentru-peste-1%d1%8530-l-m-09365021\/","title":{"rendered":"FRITEUZA ELECTRICA PENTRU PESTE, CU ROBINET, 30 LITRI -M-09365021"},"content":{"rendered":"<p><strong>FRITEUZA ELECTRICA PENTRU PESTE, CU ROBINET, 30 LITRI -M-09365021- <\/strong>Aceast\u0103 friteuz\u0103 profesional\u0103 are un finisaj luxos \u0219i piese de \u00eenalt\u0103 calitate. Friteuza este echipat\u0103 cu un robinet pentru ulei vegetal \u0219i este fabricat\u0103 din inox.<\/p>\n<p>Caracteristici<\/p>\n<p>Parametri: 606x575x407 mm<\/p>\n<p>Conexiune: 400 V \/ 50 Hz \/ 3 faz\u0103 6000 W<\/p>\n<p>Dimensiuni co\u0219: 480x285x150 mm<\/p>\n<p>Termostat reglabil: 50 \u00b0 C p\u00e2n\u0103 la 200 \u00b0 C<\/p>\n<p>Volumul minim de ulei: 1&#215;17 l<\/p>\n<p>Volumul maxim de ulei: 1&#215;30 l<\/p>\n<p>Greutate: 19,4 kg<\/p>\n<p>&nbsp;<\/p>\n","protected":false},"excerpt":{"rendered":"<p>Friteuza electric\u0103 pentru pe\u0219te la 1\u044530 litri. Parametri: 606x575x407 mm; Conexiune: 400 V \/ 50 Hz \/ 3 faz\u0103 6000 W; Dimensiuni co\u0219: 480x285x150 mm; Termostat reglabil: 50 \u00b0 C p\u00e2n\u0103 la 200 \u00b0 C; Volumul minim de ulei: 1&#215;17 l; Volumul maxim de ulei: 1&#215;30 l; Greutate: 19,4 kg.<\/p>\n","protected":false},"featured_media":20166,"template":"","meta":[],"_links":{"self":[{"href":"https:\/\/evotek.md\/ro\/wp-json\/wp\/v2\/product\/20181"}],"collection":[{"href":"https:\/\/evotek.md\/ro\/wp-json\/wp\/v2\/product"}],"about":[{"href":"https:\/\/evotek.md\/ro\/wp-json\/wp\/v2\/types\/product"}],"wp:featuredmedia":[{"embeddable":true,"href":"https:\/\/evotek.md\/ro\/wp-json\/wp\/v2\/media\/20166"}],"wp:attachment":[{"href":"https:\/\/evotek.md\/ro\/wp-json\/wp\/v2\/media?parent=20181"}],"curies":[{"name":"wp","href":"https:\/\/api.w.org\/{rel}","templated":true}]}}