{"id":20121,"date":"2021-01-27T10:22:49","date_gmt":"2021-01-27T10:23:46","guid":{"rendered":"https:\/\/evotek.md\/?post_type=product&#038;p=20121"},"modified":"2023-02-28T15:36:54","modified_gmt":"2023-02-28T15:36:54","slug":"friteuza-electrica-1%d1%8516-l-m-09365010","status":"publish","type":"product","link":"https:\/\/evotek.md\/ro\/produse\/echipamente-termice\/friteuze-3\/friteuza-electrica-1%d1%8516-l-m-09365010\/","title":{"rendered":"FRITEUZA ELECTRICA CU ROBINET, 16 LITRI -M-09365010"},"content":{"rendered":"<p><strong>FRITEUZA ELECTRICA CU ROBINET, 16 LITRI -M-09365010- <\/strong>Aceast\u0103 friteuz\u0103 profesional\u0103 are un finisaj luxos \u0219i piese de \u00eenalt\u0103 calitate. Friteuza este echipat\u0103 cu un robinet pentru ulei vegetal \u0219i este fabricat\u0103 din inox.<\/p>\n<p>Caracteristici<\/p>\n<p>Parametri: 336x530x385 mm<\/p>\n<p>Conexiune: 230 V \/ 50 Hz \/ 1 faz\u0103 3000 W<\/p>\n<p>Dimensiuni co\u0219: 235x255x120 mm<\/p>\n<p>Termostat reglabil: 0 \u00b0 C p\u00e2n\u0103 la 190 \u00b0 C<\/p>\n<p>Volumul minim de ulei: 1&#215;13,5\u00a0 \u00a0l<\/p>\n<p>Volumul maxim de ulei: 1&#215;16 l<\/p>\n<p>Greutate: 9,8 kg<\/p>\n<p>&nbsp;<\/p>\n","protected":false},"excerpt":{"rendered":"<p>Friteuza electric\u0103 la 1\u044516 litri. Parametri: 336x530x385 mm; Conexiune: 230 V \/ 50 Hz \/ 1 faz\u0103 3000 W; Dimensiuni co\u0219: 235x255x120 mm; Termostat reglabil: 0 \u00b0 C p\u00e2n\u0103 la 190 \u00b0 C; Volumul minim de ulei: 1&#215;13,5 l; Volumul maxim de ulei: 1&#215;16 l; Greutate: 9,8 kg.<\/p>\n","protected":false},"featured_media":20104,"template":"","meta":[],"_links":{"self":[{"href":"https:\/\/evotek.md\/ro\/wp-json\/wp\/v2\/product\/20121"}],"collection":[{"href":"https:\/\/evotek.md\/ro\/wp-json\/wp\/v2\/product"}],"about":[{"href":"https:\/\/evotek.md\/ro\/wp-json\/wp\/v2\/types\/product"}],"wp:featuredmedia":[{"embeddable":true,"href":"https:\/\/evotek.md\/ro\/wp-json\/wp\/v2\/media\/20104"}],"wp:attachment":[{"href":"https:\/\/evotek.md\/ro\/wp-json\/wp\/v2\/media?parent=20121"}],"curies":[{"name":"wp","href":"https:\/\/api.w.org\/{rel}","templated":true}]}}